{"id":614,"date":"2021-10-02T03:40:55","date_gmt":"2021-10-02T06:40:55","guid":{"rendered":"https:\/\/prontoind.com.br\/?page_id=614"},"modified":"2021-10-02T03:40:56","modified_gmt":"2021-10-02T06:40:56","slug":"treinamento-montagem-gestao-industria","status":"publish","type":"page","link":"https:\/\/prontoind.com.br\/index.php\/treinamento-montagem-gestao-industria\/","title":{"rendered":"TREINAMENTO"},"content":{"rendered":"\t\t<div data-elementor-type=\"wp-page\" data-elementor-id=\"614\" class=\"elementor elementor-614\" data-elementor-settings=\"[]\">\n\t\t\t\t\t\t<div class=\"elementor-inner\">\n\t\t\t\t\t\t\t<div class=\"elementor-section-wrap\">\n\t\t\t\t\t\t\t<section class=\"elementor-section elementor-top-section elementor-element elementor-element-4eafb6b6 elementor-section-boxed elementor-section-height-default elementor-section-height-default\" data-id=\"4eafb6b6\" data-element_type=\"section\">\n\t\t\t\t\t\t<div class=\"elementor-container elementor-column-gap-default\">\n\t\t\t\t\t\t\t<div class=\"elementor-row\">\n\t\t\t\t\t<div class=\"elementor-column elementor-col-100 elementor-top-column elementor-element elementor-element-5dd6c463\" data-id=\"5dd6c463\" data-element_type=\"column\">\n\t\t\t<div class=\"elementor-column-wrap elementor-element-populated\">\n\t\t\t\t\t\t\t<div class=\"elementor-widget-wrap\">\n\t\t\t\t\t\t<div class=\"elementor-element elementor-element-79f9fc0 elementor-widget elementor-widget-text-editor\" data-id=\"79f9fc0\" data-element_type=\"widget\" data-widget_type=\"text-editor.default\">\n\t\t\t\t<div class=\"elementor-widget-container\">\n\t\t\t\t\t\t\t\t<div class=\"elementor-text-editor elementor-clearfix\">\n\t\t\t\t<p><!-- wp:paragraph --><\/p>\n<p>Treinamento Administrativo e Operacional<\/p>\n<p><!-- \/wp:paragraph --><\/p>\t\t\t\t\t<\/div>\n\t\t\t\t\t\t<\/div>\n\t\t\t\t<\/div>\n\t\t\t\t<div class=\"elementor-element elementor-element-32d13d9 elementor-widget elementor-widget-text-editor\" data-id=\"32d13d9\" data-element_type=\"widget\" data-widget_type=\"text-editor.default\">\n\t\t\t\t<div class=\"elementor-widget-container\">\n\t\t\t\t\t\t\t\t<div class=\"elementor-text-editor elementor-clearfix\">\n\t\t\t\t<p class=\"MsoNormal\"><span lang=\"PT-BR\" style=\"font-size: 10pt; line-height: 107%; font-family: Arial, sans-serif; background-image: initial; background-position: initial; background-size: initial; background-repeat: initial; background-attachment: initial; background-origin: initial; background-clip: initial;\">A\u00a0<\/span><a href=\"https:\/\/www.edools.com\/produtividade\"><span lang=\"PT-BR\" style=\"font-size: 10pt; line-height: 107%; font-family: Arial, sans-serif; color: windowtext; background-image: initial; background-position: initial; background-size: initial; background-repeat: initial; background-attachment: initial; background-origin: initial; background-clip: initial; text-decoration-line: none;\">produtividade<\/span><\/a><span lang=\"PT-BR\" style=\"font-size: 10pt; line-height: 107%; font-family: Arial, sans-serif; background-image: initial; background-position: initial; background-size: initial; background-repeat: initial; background-attachment: initial; background-origin: initial; background-clip: initial;\">\u00a0\u00e9 um fator importante em qualquer fabrica ou ind\u00fastria, por\u00e9m sem a capacita\u00e7\u00e3o profissional da equipe e de colaboradores, a produtividade jamais ser\u00e1 satisfat\u00f3ria, n\u00e3o importa quantas maquinas, ferramentas estejam a disposi\u00e7\u00e3o, o fator humano ainda \u00e9 essencial para o sucesso de qualquer linha de produ\u00e7\u00e3o.<br \/><br \/>Tendo isso em mente, desenvolvemos um programa de treinamento imersivo e pr\u00e1tico, 100% personalizado e adequado as caracter\u00edsticas de cada projeto. O Resultado pr\u00e1tico \u00e9 o Aumento de produtividade, Melhoria da qualidade dos produtos e servi\u00e7os e Redu\u00e7\u00e3o do \u00edndice de manuten\u00e7\u00e3o de m\u00e1quinas e equipamentos al\u00e9m de muitos outros benef\u00edcios que acabam sendo alcan\u00e7ados consequentemente.\u00a0 <\/span><\/p>\n<p><span lang=\"PT-BR\" style=\"font-size: 10pt; line-height: 107%; font-family: Arial, sans-serif; background-image: initial; background-position: initial; background-size: initial; background-repeat: initial; background-attachment: initial; background-origin: initial; background-clip: initial;\">Este programa de treinamentos apesar de personalizado s\u00e3o divididos em 2 partes: <br \/>Gest\u00e3o Administrativa e Gest\u00e3o Operacional. <br \/><br \/>Gest\u00e3o Administrativa<br \/>Como o nome indica, \u00e9 um treinamento com foco na administra\u00e7\u00e3o do neg\u00f3cio, o intuito \u00e9 que o empreendedor ou colaborador n\u00e3o apenas esteja apto a exercer uma fun\u00e7\u00e3o administrativa, mas entenda a estrutura do neg\u00f3cio e como deve ser gerenciado. <br \/>Quando e como se compra, custos inerentes a produ\u00e7\u00e3o, como se vende (pol\u00edtica de comercializa\u00e7\u00e3o e canais), como se d\u00e1 o faturamento e auferida as margens, Como \u00e9 e deve ser feita a administra\u00e7\u00e3o desses fatores e processos, a fim de, obter melhores resultados. <br \/><br \/>Gest\u00e3o Operacional<br \/>\u00c9 um programa de treinamento focado na produ\u00e7\u00e3o e no dia a dia do \u201cch\u00e3o de f\u00e1brica\u201d, leva em considera\u00e7\u00e3o pontos como: avalia\u00e7\u00e3o e manejo de mat\u00e9ria prima, fluxo de produ\u00e7\u00e3o, t\u00e9cnicas para melhor aproveitamento do material, seguran\u00e7a no trabalho, visando a padroniza\u00e7\u00e3o e excel\u00eancia na produ\u00e7\u00e3o.<br \/><!-- [if !supportLineBreakNewLine]--><br \/><!--[endif]--><\/span><\/p>\t\t\t\t\t<\/div>\n\t\t\t\t\t\t<\/div>\n\t\t\t\t<\/div>\n\t\t\t\t\t\t<\/div>\n\t\t\t\t\t<\/div>\n\t\t<\/div>\n\t\t\t\t\t\t\t\t<\/div>\n\t\t\t\t\t<\/div>\n\t\t<\/section>\n\t\t\t\t<section class=\"elementor-section elementor-top-section elementor-element elementor-element-a48f295 elementor-section-boxed elementor-section-height-default elementor-section-height-default\" data-id=\"a48f295\" data-element_type=\"section\">\n\t\t\t\t\t\t<div class=\"elementor-container elementor-column-gap-default\">\n\t\t\t\t\t\t\t<div class=\"elementor-row\">\n\t\t\t\t\t<div class=\"elementor-column elementor-col-100 elementor-top-column elementor-element elementor-element-3228d74\" data-id=\"3228d74\" data-element_type=\"column\">\n\t\t\t<div class=\"elementor-column-wrap elementor-element-populated\">\n\t\t\t\t\t\t\t<div class=\"elementor-widget-wrap\">\n\t\t\t\t\t\t<div class=\"elementor-element elementor-element-23487b6 elementor-widget elementor-widget-image\" data-id=\"23487b6\" data-element_type=\"widget\" data-widget_type=\"image.default\">\n\t\t\t\t<div class=\"elementor-widget-container\">\n\t\t\t\t\t\t\t\t<div class=\"elementor-image\">\n\t\t\t\t\t\t\t\t\t\t\t\t<img decoding=\"async\" width=\"696\" height=\"336\" src=\"https:\/\/prontoind.com.br\/wp-content\/uploads\/2021\/10\/treinamento-2.jpg\" class=\"attachment-large size-large\" alt=\"treinamento 2\" srcset=\"https:\/\/prontoind.com.br\/wp-content\/uploads\/2021\/10\/treinamento-2.jpg 850w, https:\/\/prontoind.com.br\/wp-content\/uploads\/2021\/10\/treinamento-2-300x145.jpg 300w, https:\/\/prontoind.com.br\/wp-content\/uploads\/2021\/10\/treinamento-2-768x370.jpg 768w\" sizes=\"(max-width: 696px) 100vw, 696px\" \/>\t\t\t\t\t\t\t\t\t\t\t\t\t\t<\/div>\n\t\t\t\t\t\t<\/div>\n\t\t\t\t<\/div>\n\t\t\t\t\t\t<\/div>\n\t\t\t\t\t<\/div>\n\t\t<\/div>\n\t\t\t\t\t\t\t\t<\/div>\n\t\t\t\t\t<\/div>\n\t\t<\/section>\n\t\t\t\t\t\t<\/div>\n\t\t\t\t\t\t<\/div>\n\t\t\t\t\t<\/div>\n\t\t","protected":false},"excerpt":{"rendered":"<p>Treinamento Administrativo e Operacional A&nbsp;produtividade&nbsp;\u00e9 um fator importante em qualquer fabrica ou ind\u00fastria, por\u00e9m sem a capacita\u00e7\u00e3o profissional da equipe e de colaboradores, a produtividade jamais ser\u00e1 satisfat\u00f3ria, n\u00e3o importa quantas maquinas, ferramentas estejam a disposi\u00e7\u00e3o, o fator humano ainda \u00e9 essencial para o sucesso de qualquer linha de produ\u00e7\u00e3o. Tendo isso em mente, desenvolvemos<\/p><\/div>\n<div class=\"blog-btn\"><a href=\"https:\/\/prontoind.com.br\/index.php\/treinamento-montagem-gestao-industria\/\" class=\"home-blog-btn\">Ler mais<\/a><\/p>\n","protected":false},"author":1,"featured_media":0,"parent":0,"menu_order":0,"comment_status":"closed","ping_status":"closed","template":"","meta":{"footnotes":""},"class_list":["post-614","page","type-page","status-publish","hentry"],"yoast_head":"<!-- This site is optimized with the Yoast SEO plugin v17.2 - https:\/\/yoast.com\/wordpress\/plugins\/seo\/ -->\n<title>Treinamento operacional e gerencial para otimizar sua ind\u00fastria<\/title>\n<meta name=\"description\" content=\"A fim de reduzir custos de produ\u00e7\u00e3o e aprimorar o processo produtivo, oferecemos treinamento t\u00e9cnico administrativo e operacional .\" \/>\n<meta name=\"robots\" content=\"index, follow, max-snippet:-1, max-image-preview:large, max-video-preview:-1\" \/>\n<link rel=\"canonical\" href=\"https:\/\/prontoind.com.br\/index.php\/treinamento-montagem-gestao-industria\/\" \/>\n<meta property=\"og:locale\" content=\"pt_BR\" \/>\n<meta property=\"og:type\" content=\"article\" \/>\n<meta property=\"og:title\" content=\"Treinamento operacional e gerencial para otimizar sua ind\u00fastria\" \/>\n<meta property=\"og:description\" content=\"A fim de reduzir custos de produ\u00e7\u00e3o e aprimorar o processo produtivo, oferecemos treinamento t\u00e9cnico administrativo e operacional .\" \/>\n<meta property=\"og:url\" content=\"https:\/\/prontoind.com.br\/index.php\/treinamento-montagem-gestao-industria\/\" \/>\n<meta property=\"og:site_name\" content=\"Pronto Ind\" \/>\n<meta property=\"article:modified_time\" content=\"2021-10-02T06:40:56+00:00\" \/>\n<meta property=\"og:image\" content=\"http:\/\/prontoind.com.br\/wp-content\/uploads\/2021\/10\/treinamento-2.jpg\" \/>\n<meta name=\"twitter:card\" content=\"summary_large_image\" \/>\n<meta name=\"twitter:label1\" content=\"Est. tempo de leitura\" \/>\n\t<meta name=\"twitter:data1\" content=\"2 minutos\" \/>\n<script type=\"application\/ld+json\" class=\"yoast-schema-graph\">{\"@context\":\"https:\/\/schema.org\",\"@graph\":[{\"@type\":\"WebSite\",\"@id\":\"https:\/\/prontoind.com.br\/#website\",\"url\":\"https:\/\/prontoind.com.br\/\",\"name\":\"Pronto Ind\",\"description\":\"Solu\\u00e7\\u00f5es para pequenas ind\\u00fastrias\",\"potentialAction\":[{\"@type\":\"SearchAction\",\"target\":{\"@type\":\"EntryPoint\",\"urlTemplate\":\"https:\/\/prontoind.com.br\/?s={search_term_string}\"},\"query-input\":\"required name=search_term_string\"}],\"inLanguage\":\"pt-BR\"},{\"@type\":\"ImageObject\",\"@id\":\"https:\/\/prontoind.com.br\/index.php\/treinamento-montagem-gestao-industria\/#primaryimage\",\"inLanguage\":\"pt-BR\",\"url\":\"http:\/\/prontoind.com.br\/wp-content\/uploads\/2021\/10\/treinamento-2.jpg\",\"contentUrl\":\"http:\/\/prontoind.com.br\/wp-content\/uploads\/2021\/10\/treinamento-2.jpg\"},{\"@type\":\"WebPage\",\"@id\":\"https:\/\/prontoind.com.br\/index.php\/treinamento-montagem-gestao-industria\/#webpage\",\"url\":\"https:\/\/prontoind.com.br\/index.php\/treinamento-montagem-gestao-industria\/\",\"name\":\"Treinamento operacional e gerencial para otimizar sua ind\\u00fastria\",\"isPartOf\":{\"@id\":\"https:\/\/prontoind.com.br\/#website\"},\"primaryImageOfPage\":{\"@id\":\"https:\/\/prontoind.com.br\/index.php\/treinamento-montagem-gestao-industria\/#primaryimage\"},\"datePublished\":\"2021-10-02T06:40:55+00:00\",\"dateModified\":\"2021-10-02T06:40:56+00:00\",\"description\":\"A fim de reduzir custos de produ\\u00e7\\u00e3o e aprimorar o processo produtivo, oferecemos treinamento t\\u00e9cnico administrativo e operacional .\",\"breadcrumb\":{\"@id\":\"https:\/\/prontoind.com.br\/index.php\/treinamento-montagem-gestao-industria\/#breadcrumb\"},\"inLanguage\":\"pt-BR\",\"potentialAction\":[{\"@type\":\"ReadAction\",\"target\":[\"https:\/\/prontoind.com.br\/index.php\/treinamento-montagem-gestao-industria\/\"]}]},{\"@type\":\"BreadcrumbList\",\"@id\":\"https:\/\/prontoind.com.br\/index.php\/treinamento-montagem-gestao-industria\/#breadcrumb\",\"itemListElement\":[{\"@type\":\"ListItem\",\"position\":1,\"name\":\"In\\u00edcio\",\"item\":\"https:\/\/prontoind.com.br\/\"},{\"@type\":\"ListItem\",\"position\":2,\"name\":\"TREINAMENTO\"}]}]}<\/script>\n<!-- \/ Yoast SEO plugin. -->","yoast_head_json":{"title":"Treinamento operacional e gerencial para otimizar sua ind\u00fastria","description":"A fim de reduzir custos de produ\u00e7\u00e3o e aprimorar o processo produtivo, oferecemos treinamento t\u00e9cnico administrativo e operacional .","robots":{"index":"index","follow":"follow","max-snippet":"max-snippet:-1","max-image-preview":"max-image-preview:large","max-video-preview":"max-video-preview:-1"},"canonical":"https:\/\/prontoind.com.br\/index.php\/treinamento-montagem-gestao-industria\/","og_locale":"pt_BR","og_type":"article","og_title":"Treinamento operacional e gerencial para otimizar sua ind\u00fastria","og_description":"A fim de reduzir custos de produ\u00e7\u00e3o e aprimorar o processo produtivo, oferecemos treinamento t\u00e9cnico administrativo e operacional .","og_url":"https:\/\/prontoind.com.br\/index.php\/treinamento-montagem-gestao-industria\/","og_site_name":"Pronto Ind","article_modified_time":"2021-10-02T06:40:56+00:00","og_image":[{"url":"http:\/\/prontoind.com.br\/wp-content\/uploads\/2021\/10\/treinamento-2.jpg"}],"twitter_card":"summary_large_image","twitter_misc":{"Est. tempo de leitura":"2 minutos"},"schema":{"@context":"https:\/\/schema.org","@graph":[{"@type":"WebSite","@id":"https:\/\/prontoind.com.br\/#website","url":"https:\/\/prontoind.com.br\/","name":"Pronto Ind","description":"Solu\u00e7\u00f5es para pequenas ind\u00fastrias","potentialAction":[{"@type":"SearchAction","target":{"@type":"EntryPoint","urlTemplate":"https:\/\/prontoind.com.br\/?s={search_term_string}"},"query-input":"required name=search_term_string"}],"inLanguage":"pt-BR"},{"@type":"ImageObject","@id":"https:\/\/prontoind.com.br\/index.php\/treinamento-montagem-gestao-industria\/#primaryimage","inLanguage":"pt-BR","url":"http:\/\/prontoind.com.br\/wp-content\/uploads\/2021\/10\/treinamento-2.jpg","contentUrl":"http:\/\/prontoind.com.br\/wp-content\/uploads\/2021\/10\/treinamento-2.jpg"},{"@type":"WebPage","@id":"https:\/\/prontoind.com.br\/index.php\/treinamento-montagem-gestao-industria\/#webpage","url":"https:\/\/prontoind.com.br\/index.php\/treinamento-montagem-gestao-industria\/","name":"Treinamento operacional e gerencial para otimizar sua ind\u00fastria","isPartOf":{"@id":"https:\/\/prontoind.com.br\/#website"},"primaryImageOfPage":{"@id":"https:\/\/prontoind.com.br\/index.php\/treinamento-montagem-gestao-industria\/#primaryimage"},"datePublished":"2021-10-02T06:40:55+00:00","dateModified":"2021-10-02T06:40:56+00:00","description":"A fim de reduzir custos de produ\u00e7\u00e3o e aprimorar o processo produtivo, oferecemos treinamento t\u00e9cnico administrativo e operacional .","breadcrumb":{"@id":"https:\/\/prontoind.com.br\/index.php\/treinamento-montagem-gestao-industria\/#breadcrumb"},"inLanguage":"pt-BR","potentialAction":[{"@type":"ReadAction","target":["https:\/\/prontoind.com.br\/index.php\/treinamento-montagem-gestao-industria\/"]}]},{"@type":"BreadcrumbList","@id":"https:\/\/prontoind.com.br\/index.php\/treinamento-montagem-gestao-industria\/#breadcrumb","itemListElement":[{"@type":"ListItem","position":1,"name":"In\u00edcio","item":"https:\/\/prontoind.com.br\/"},{"@type":"ListItem","position":2,"name":"TREINAMENTO"}]}]}},"_links":{"self":[{"href":"https:\/\/prontoind.com.br\/index.php\/wp-json\/wp\/v2\/pages\/614","targetHints":{"allow":["GET"]}}],"collection":[{"href":"https:\/\/prontoind.com.br\/index.php\/wp-json\/wp\/v2\/pages"}],"about":[{"href":"https:\/\/prontoind.com.br\/index.php\/wp-json\/wp\/v2\/types\/page"}],"author":[{"embeddable":true,"href":"https:\/\/prontoind.com.br\/index.php\/wp-json\/wp\/v2\/users\/1"}],"replies":[{"embeddable":true,"href":"https:\/\/prontoind.com.br\/index.php\/wp-json\/wp\/v2\/comments?post=614"}],"version-history":[{"count":5,"href":"https:\/\/prontoind.com.br\/index.php\/wp-json\/wp\/v2\/pages\/614\/revisions"}],"predecessor-version":[{"id":621,"href":"https:\/\/prontoind.com.br\/index.php\/wp-json\/wp\/v2\/pages\/614\/revisions\/621"}],"wp:attachment":[{"href":"https:\/\/prontoind.com.br\/index.php\/wp-json\/wp\/v2\/media?parent=614"}],"curies":[{"name":"wp","href":"https:\/\/api.w.org\/{rel}","templated":true}]}}