{"id":473,"date":"2021-08-30T18:24:12","date_gmt":"2021-08-30T21:24:12","guid":{"rendered":"https:\/\/prontoind.com.br\/?page_id=473"},"modified":"2021-10-02T02:16:56","modified_gmt":"2021-10-02T05:16:56","slug":"mentoria-projeto-industrial-industrializacao-projetista-projetar","status":"publish","type":"page","link":"https:\/\/prontoind.com.br\/index.php\/mentoria-projeto-industrial-industrializacao-projetista-projetar\/","title":{"rendered":"MENTORIA PARA PROJETO INDUSTRIAL"},"content":{"rendered":"\t\t<div data-elementor-type=\"wp-page\" data-elementor-id=\"473\" class=\"elementor elementor-473\" data-elementor-settings=\"[]\">\n\t\t\t\t\t\t<div class=\"elementor-inner\">\n\t\t\t\t\t\t\t<div class=\"elementor-section-wrap\">\n\t\t\t\t\t\t\t<section class=\"elementor-section elementor-top-section elementor-element elementor-element-4eedf29 elementor-section-boxed elementor-section-height-default elementor-section-height-default\" data-id=\"4eedf29\" data-element_type=\"section\">\n\t\t\t\t\t\t<div class=\"elementor-container elementor-column-gap-default\">\n\t\t\t\t\t\t\t<div class=\"elementor-row\">\n\t\t\t\t\t<div class=\"elementor-column elementor-col-100 elementor-top-column elementor-element elementor-element-a2c800e\" data-id=\"a2c800e\" data-element_type=\"column\">\n\t\t\t<div class=\"elementor-column-wrap elementor-element-populated\">\n\t\t\t\t\t\t\t<div class=\"elementor-widget-wrap\">\n\t\t\t\t\t\t<div class=\"elementor-element elementor-element-1aedd9e elementor-widget elementor-widget-heading\" data-id=\"1aedd9e\" data-element_type=\"widget\" data-widget_type=\"heading.default\">\n\t\t\t\t<div class=\"elementor-widget-container\">\n\t\t\t<h2 class=\"elementor-heading-title elementor-size-default\">MENTORIA PERSONALIZADA<\/h2>\t\t<\/div>\n\t\t\t\t<\/div>\n\t\t\t\t\t\t<\/div>\n\t\t\t\t\t<\/div>\n\t\t<\/div>\n\t\t\t\t\t\t\t\t<\/div>\n\t\t\t\t\t<\/div>\n\t\t<\/section>\n\t\t\t\t<section class=\"elementor-section elementor-top-section elementor-element elementor-element-a1c7a03 elementor-section-boxed elementor-section-height-default elementor-section-height-default\" data-id=\"a1c7a03\" data-element_type=\"section\">\n\t\t\t\t\t\t<div class=\"elementor-container elementor-column-gap-default\">\n\t\t\t\t\t\t\t<div class=\"elementor-row\">\n\t\t\t\t\t<div class=\"elementor-column elementor-col-100 elementor-top-column elementor-element elementor-element-ae4f702\" data-id=\"ae4f702\" data-element_type=\"column\">\n\t\t\t<div class=\"elementor-column-wrap elementor-element-populated\">\n\t\t\t\t\t\t\t<div class=\"elementor-widget-wrap\">\n\t\t\t\t\t\t<div class=\"elementor-element elementor-element-9b4af52 elementor-widget elementor-widget-text-editor\" data-id=\"9b4af52\" data-element_type=\"widget\" data-widget_type=\"text-editor.default\">\n\t\t\t\t<div class=\"elementor-widget-container\">\n\t\t\t\t\t\t\t\t<div class=\"elementor-text-editor elementor-clearfix\">\n\t\t\t\t<p><span lang=\"PT-BR\" style=\"font-size: 10pt; line-height: 107%; font-family: Helvetica, sans-serif; background-image: initial; background-position: initial; background-size: initial; background-repeat: initial; background-attachment: initial; background-origin: initial; background-clip: initial;\">Precisa de ajuda para desenvolver seu projeto de f\u00e1brica ou ind\u00fastria?\u00a0<\/span><\/p><p>Conte conosco!\u00a0<\/p><p>Nosso programa de mentoria, visa oferecer um servi\u00e7o de acompanhamento empresarial personalizado, n\u00e3o importa seu n\u00edvel de conhecimento sobre o mercado que pretende atuar ou sobre o processo produtivo do produto que pretende produzir e comercializar.<\/p><p>Nosso programa pode acompanha-lo desde a ideia inicial do neg\u00f3cio, passando pela inaugura\u00e7\u00e3o da ind\u00fastria al\u00e9m de conduzir e orientar em todo processo de expans\u00e3o. <br \/>Este programa \u00e9 composto das seguintes etapas:<br \/>*Levantamento do perfil de neg\u00f3cio;<br \/>*Analise dos Recursos humanos e t\u00e9cnicos dispon\u00edveis; <br \/>*Analise de resultados e oportunidades; <br \/>*Apresenta\u00e7\u00e3o das melhores pr\u00e1ticas de gest\u00e3o administrativa e operacional adequadas ao projeto em quest\u00e3o;<br \/><span style=\"font-family: var( --e-global-typography-text-font-family ), Sans-serif; font-weight: var( --e-global-typography-text-font-weight ); font-size: 0.9375rem;\">*Desenvolvimento conjunto do plano de a\u00e7\u00e3o visando optimiza\u00e7\u00e3o e acompanhamento dos resultados<\/span><span style=\"font-family: var( --e-global-typography-text-font-family ), Sans-serif; font-weight: var( --e-global-typography-text-font-weight ); font-size: 0.9375rem;\">.<\/span><\/p>\t\t\t\t\t<\/div>\n\t\t\t\t\t\t<\/div>\n\t\t\t\t<\/div>\n\t\t\t\t\t\t<\/div>\n\t\t\t\t\t<\/div>\n\t\t<\/div>\n\t\t\t\t\t\t\t\t<\/div>\n\t\t\t\t\t<\/div>\n\t\t<\/section>\n\t\t\t\t<section class=\"elementor-section elementor-top-section elementor-element elementor-element-65046b5 elementor-section-boxed elementor-section-height-default elementor-section-height-default\" data-id=\"65046b5\" data-element_type=\"section\">\n\t\t\t\t\t\t<div class=\"elementor-container elementor-column-gap-default\">\n\t\t\t\t\t\t\t<div class=\"elementor-row\">\n\t\t\t\t\t<div class=\"elementor-column elementor-col-100 elementor-top-column elementor-element elementor-element-9aa04c4\" data-id=\"9aa04c4\" data-element_type=\"column\">\n\t\t\t<div class=\"elementor-column-wrap elementor-element-populated\">\n\t\t\t\t\t\t\t<div class=\"elementor-widget-wrap\">\n\t\t\t\t\t\t<div class=\"elementor-element elementor-element-229401b elementor-widget elementor-widget-image\" data-id=\"229401b\" data-element_type=\"widget\" data-widget_type=\"image.default\">\n\t\t\t\t<div class=\"elementor-widget-container\">\n\t\t\t\t\t\t\t\t<div class=\"elementor-image\">\n\t\t\t\t\t\t\t\t\t\t\t\t<img decoding=\"async\" width=\"696\" height=\"394\" src=\"https:\/\/prontoind.com.br\/wp-content\/uploads\/2021\/08\/ideia-e-projeto.jpg\" class=\"attachment-large size-large\" alt=\"ideia e projeto\" srcset=\"https:\/\/prontoind.com.br\/wp-content\/uploads\/2021\/08\/ideia-e-projeto.jpg 795w, https:\/\/prontoind.com.br\/wp-content\/uploads\/2021\/08\/ideia-e-projeto-300x170.jpg 300w, https:\/\/prontoind.com.br\/wp-content\/uploads\/2021\/08\/ideia-e-projeto-768x435.jpg 768w\" sizes=\"(max-width: 696px) 100vw, 696px\" \/>\t\t\t\t\t\t\t\t\t\t\t\t\t\t<\/div>\n\t\t\t\t\t\t<\/div>\n\t\t\t\t<\/div>\n\t\t\t\t\t\t<\/div>\n\t\t\t\t\t<\/div>\n\t\t<\/div>\n\t\t\t\t\t\t\t\t<\/div>\n\t\t\t\t\t<\/div>\n\t\t<\/section>\n\t\t\t\t\t\t<\/div>\n\t\t\t\t\t\t<\/div>\n\t\t\t\t\t<\/div>\n\t\t","protected":false},"excerpt":{"rendered":"<p>MENTORIA PERSONALIZADA Precisa de ajuda para desenvolver seu projeto de f\u00e1brica ou ind\u00fastria?&nbsp; Conte conosco!&nbsp; Nosso programa de mentoria, visa oferecer um servi\u00e7o de acompanhamento empresarial personalizado, n\u00e3o importa seu n\u00edvel de conhecimento sobre o mercado que pretende atuar ou sobre o processo produtivo do produto que pretende produzir e comercializar. Nosso programa pode acompanha-lo<\/p><\/div>\n<div class=\"blog-btn\"><a href=\"https:\/\/prontoind.com.br\/index.php\/mentoria-projeto-industrial-industrializacao-projetista-projetar\/\" class=\"home-blog-btn\">Ler mais<\/a><\/p>\n","protected":false},"author":1,"featured_media":0,"parent":0,"menu_order":0,"comment_status":"closed","ping_status":"closed","template":"","meta":{"footnotes":""},"class_list":["post-473","page","type-page","status-publish","hentry"],"yoast_head":"<!-- This site is optimized with the Yoast SEO plugin v17.2 - https:\/\/yoast.com\/wordpress\/plugins\/seo\/ -->\n<title>MENTORIA MONTAR - Pronto Ind<\/title>\n<meta name=\"description\" content=\"Precisa de ajuda para montar seu projeto industrial? Conte com nossa mentoria personalizada para montar sua ind\u00fastria.\" \/>\n<meta name=\"robots\" content=\"index, follow, max-snippet:-1, max-image-preview:large, max-video-preview:-1\" \/>\n<link rel=\"canonical\" href=\"https:\/\/prontoind.com.br\/index.php\/mentoria-projeto-industrial-industrializacao-projetista-projetar\/\" \/>\n<meta property=\"og:locale\" content=\"pt_BR\" \/>\n<meta property=\"og:type\" content=\"article\" \/>\n<meta property=\"og:title\" content=\"MENTORIA MONTAR - Pronto Ind\" \/>\n<meta property=\"og:description\" content=\"Precisa de ajuda para montar seu projeto industrial? Conte com nossa mentoria personalizada para montar sua ind\u00fastria.\" \/>\n<meta property=\"og:url\" content=\"https:\/\/prontoind.com.br\/index.php\/mentoria-projeto-industrial-industrializacao-projetista-projetar\/\" \/>\n<meta property=\"og:site_name\" content=\"Pronto Ind\" \/>\n<meta property=\"article:modified_time\" content=\"2021-10-02T05:16:56+00:00\" \/>\n<meta property=\"og:image\" content=\"http:\/\/prontoind.com.br\/wp-content\/uploads\/2021\/08\/ideia-e-projeto.jpg\" \/>\n<meta name=\"twitter:card\" content=\"summary_large_image\" \/>\n<meta name=\"twitter:label1\" content=\"Est. tempo de leitura\" \/>\n\t<meta name=\"twitter:data1\" content=\"1 minuto\" \/>\n<script type=\"application\/ld+json\" class=\"yoast-schema-graph\">{\"@context\":\"https:\/\/schema.org\",\"@graph\":[{\"@type\":\"WebSite\",\"@id\":\"https:\/\/prontoind.com.br\/#website\",\"url\":\"https:\/\/prontoind.com.br\/\",\"name\":\"Pronto Ind\",\"description\":\"Solu\\u00e7\\u00f5es para pequenas ind\\u00fastrias\",\"potentialAction\":[{\"@type\":\"SearchAction\",\"target\":{\"@type\":\"EntryPoint\",\"urlTemplate\":\"https:\/\/prontoind.com.br\/?s={search_term_string}\"},\"query-input\":\"required name=search_term_string\"}],\"inLanguage\":\"pt-BR\"},{\"@type\":\"ImageObject\",\"@id\":\"https:\/\/prontoind.com.br\/index.php\/mentoria-projeto-industrial-industrializacao-projetista-projetar\/#primaryimage\",\"inLanguage\":\"pt-BR\",\"url\":\"http:\/\/prontoind.com.br\/wp-content\/uploads\/2021\/08\/ideia-e-projeto.jpg\",\"contentUrl\":\"http:\/\/prontoind.com.br\/wp-content\/uploads\/2021\/08\/ideia-e-projeto.jpg\"},{\"@type\":\"WebPage\",\"@id\":\"https:\/\/prontoind.com.br\/index.php\/mentoria-projeto-industrial-industrializacao-projetista-projetar\/#webpage\",\"url\":\"https:\/\/prontoind.com.br\/index.php\/mentoria-projeto-industrial-industrializacao-projetista-projetar\/\",\"name\":\"MENTORIA MONTAR - Pronto Ind\",\"isPartOf\":{\"@id\":\"https:\/\/prontoind.com.br\/#website\"},\"primaryImageOfPage\":{\"@id\":\"https:\/\/prontoind.com.br\/index.php\/mentoria-projeto-industrial-industrializacao-projetista-projetar\/#primaryimage\"},\"datePublished\":\"2021-08-30T21:24:12+00:00\",\"dateModified\":\"2021-10-02T05:16:56+00:00\",\"description\":\"Precisa de ajuda para montar seu projeto industrial? Conte com nossa mentoria personalizada para montar sua ind\\u00fastria.\",\"breadcrumb\":{\"@id\":\"https:\/\/prontoind.com.br\/index.php\/mentoria-projeto-industrial-industrializacao-projetista-projetar\/#breadcrumb\"},\"inLanguage\":\"pt-BR\",\"potentialAction\":[{\"@type\":\"ReadAction\",\"target\":[\"https:\/\/prontoind.com.br\/index.php\/mentoria-projeto-industrial-industrializacao-projetista-projetar\/\"]}]},{\"@type\":\"BreadcrumbList\",\"@id\":\"https:\/\/prontoind.com.br\/index.php\/mentoria-projeto-industrial-industrializacao-projetista-projetar\/#breadcrumb\",\"itemListElement\":[{\"@type\":\"ListItem\",\"position\":1,\"name\":\"In\\u00edcio\",\"item\":\"https:\/\/prontoind.com.br\/\"},{\"@type\":\"ListItem\",\"position\":2,\"name\":\"MENTORIA PARA PROJETO INDUSTRIAL\"}]}]}<\/script>\n<!-- \/ Yoast SEO plugin. -->","yoast_head_json":{"title":"MENTORIA MONTAR - Pronto Ind","description":"Precisa de ajuda para montar seu projeto industrial? Conte com nossa mentoria personalizada para montar sua ind\u00fastria.","robots":{"index":"index","follow":"follow","max-snippet":"max-snippet:-1","max-image-preview":"max-image-preview:large","max-video-preview":"max-video-preview:-1"},"canonical":"https:\/\/prontoind.com.br\/index.php\/mentoria-projeto-industrial-industrializacao-projetista-projetar\/","og_locale":"pt_BR","og_type":"article","og_title":"MENTORIA MONTAR - Pronto Ind","og_description":"Precisa de ajuda para montar seu projeto industrial? Conte com nossa mentoria personalizada para montar sua ind\u00fastria.","og_url":"https:\/\/prontoind.com.br\/index.php\/mentoria-projeto-industrial-industrializacao-projetista-projetar\/","og_site_name":"Pronto Ind","article_modified_time":"2021-10-02T05:16:56+00:00","og_image":[{"url":"http:\/\/prontoind.com.br\/wp-content\/uploads\/2021\/08\/ideia-e-projeto.jpg"}],"twitter_card":"summary_large_image","twitter_misc":{"Est. tempo de leitura":"1 minuto"},"schema":{"@context":"https:\/\/schema.org","@graph":[{"@type":"WebSite","@id":"https:\/\/prontoind.com.br\/#website","url":"https:\/\/prontoind.com.br\/","name":"Pronto Ind","description":"Solu\u00e7\u00f5es para pequenas ind\u00fastrias","potentialAction":[{"@type":"SearchAction","target":{"@type":"EntryPoint","urlTemplate":"https:\/\/prontoind.com.br\/?s={search_term_string}"},"query-input":"required name=search_term_string"}],"inLanguage":"pt-BR"},{"@type":"ImageObject","@id":"https:\/\/prontoind.com.br\/index.php\/mentoria-projeto-industrial-industrializacao-projetista-projetar\/#primaryimage","inLanguage":"pt-BR","url":"http:\/\/prontoind.com.br\/wp-content\/uploads\/2021\/08\/ideia-e-projeto.jpg","contentUrl":"http:\/\/prontoind.com.br\/wp-content\/uploads\/2021\/08\/ideia-e-projeto.jpg"},{"@type":"WebPage","@id":"https:\/\/prontoind.com.br\/index.php\/mentoria-projeto-industrial-industrializacao-projetista-projetar\/#webpage","url":"https:\/\/prontoind.com.br\/index.php\/mentoria-projeto-industrial-industrializacao-projetista-projetar\/","name":"MENTORIA MONTAR - Pronto Ind","isPartOf":{"@id":"https:\/\/prontoind.com.br\/#website"},"primaryImageOfPage":{"@id":"https:\/\/prontoind.com.br\/index.php\/mentoria-projeto-industrial-industrializacao-projetista-projetar\/#primaryimage"},"datePublished":"2021-08-30T21:24:12+00:00","dateModified":"2021-10-02T05:16:56+00:00","description":"Precisa de ajuda para montar seu projeto industrial? Conte com nossa mentoria personalizada para montar sua ind\u00fastria.","breadcrumb":{"@id":"https:\/\/prontoind.com.br\/index.php\/mentoria-projeto-industrial-industrializacao-projetista-projetar\/#breadcrumb"},"inLanguage":"pt-BR","potentialAction":[{"@type":"ReadAction","target":["https:\/\/prontoind.com.br\/index.php\/mentoria-projeto-industrial-industrializacao-projetista-projetar\/"]}]},{"@type":"BreadcrumbList","@id":"https:\/\/prontoind.com.br\/index.php\/mentoria-projeto-industrial-industrializacao-projetista-projetar\/#breadcrumb","itemListElement":[{"@type":"ListItem","position":1,"name":"In\u00edcio","item":"https:\/\/prontoind.com.br\/"},{"@type":"ListItem","position":2,"name":"MENTORIA PARA PROJETO INDUSTRIAL"}]}]}},"_links":{"self":[{"href":"https:\/\/prontoind.com.br\/index.php\/wp-json\/wp\/v2\/pages\/473","targetHints":{"allow":["GET"]}}],"collection":[{"href":"https:\/\/prontoind.com.br\/index.php\/wp-json\/wp\/v2\/pages"}],"about":[{"href":"https:\/\/prontoind.com.br\/index.php\/wp-json\/wp\/v2\/types\/page"}],"author":[{"embeddable":true,"href":"https:\/\/prontoind.com.br\/index.php\/wp-json\/wp\/v2\/users\/1"}],"replies":[{"embeddable":true,"href":"https:\/\/prontoind.com.br\/index.php\/wp-json\/wp\/v2\/comments?post=473"}],"version-history":[{"count":15,"href":"https:\/\/prontoind.com.br\/index.php\/wp-json\/wp\/v2\/pages\/473\/revisions"}],"predecessor-version":[{"id":591,"href":"https:\/\/prontoind.com.br\/index.php\/wp-json\/wp\/v2\/pages\/473\/revisions\/591"}],"wp:attachment":[{"href":"https:\/\/prontoind.com.br\/index.php\/wp-json\/wp\/v2\/media?parent=473"}],"curies":[{"name":"wp","href":"https:\/\/api.w.org\/{rel}","templated":true}]}}