{"id":464,"date":"2021-10-01T15:14:01","date_gmt":"2021-10-01T18:14:01","guid":{"rendered":"https:\/\/prontoind.com.br\/?page_id=464"},"modified":"2021-10-01T15:14:02","modified_gmt":"2021-10-01T18:14:02","slug":"branding","status":"publish","type":"page","link":"https:\/\/prontoind.com.br\/index.php\/branding\/","title":{"rendered":"BRANDING"},"content":{"rendered":"\t\t<div data-elementor-type=\"wp-page\" data-elementor-id=\"464\" class=\"elementor elementor-464\" data-elementor-settings=\"[]\">\n\t\t\t\t\t\t<div class=\"elementor-inner\">\n\t\t\t\t\t\t\t<div class=\"elementor-section-wrap\">\n\t\t\t\t\t\t\t<section class=\"elementor-section elementor-top-section elementor-element elementor-element-256fee59 elementor-section-boxed elementor-section-height-default elementor-section-height-default\" data-id=\"256fee59\" data-element_type=\"section\">\n\t\t\t\t\t\t<div class=\"elementor-container elementor-column-gap-default\">\n\t\t\t\t\t\t\t<div class=\"elementor-row\">\n\t\t\t\t\t<div class=\"elementor-column elementor-col-100 elementor-top-column elementor-element elementor-element-4c80929a\" data-id=\"4c80929a\" data-element_type=\"column\">\n\t\t\t<div class=\"elementor-column-wrap elementor-element-populated\">\n\t\t\t\t\t\t\t<div class=\"elementor-widget-wrap\">\n\t\t\t\t\t\t<div class=\"elementor-element elementor-element-46d14e74 elementor-widget elementor-widget-text-editor\" data-id=\"46d14e74\" data-element_type=\"widget\" data-widget_type=\"text-editor.default\">\n\t\t\t\t<div class=\"elementor-widget-container\">\n\t\t\t\t\t\t\t\t<div class=\"elementor-text-editor elementor-clearfix\">\n\t\t\t\t<!-- wp:paragraph -->\n<p>GEST\u00c3O DE MARCA<\/p>\n<!-- \/wp:paragraph -->\t\t\t\t\t<\/div>\n\t\t\t\t\t\t<\/div>\n\t\t\t\t<\/div>\n\t\t\t\t\t\t<\/div>\n\t\t\t\t\t<\/div>\n\t\t<\/div>\n\t\t\t\t\t\t\t\t<\/div>\n\t\t\t\t\t<\/div>\n\t\t<\/section>\n\t\t\t\t<section class=\"elementor-section elementor-top-section elementor-element elementor-element-97beb79 elementor-section-boxed elementor-section-height-default elementor-section-height-default\" data-id=\"97beb79\" data-element_type=\"section\">\n\t\t\t\t\t\t<div class=\"elementor-container elementor-column-gap-default\">\n\t\t\t\t\t\t\t<div class=\"elementor-row\">\n\t\t\t\t\t<div class=\"elementor-column elementor-col-100 elementor-top-column elementor-element elementor-element-4931909\" data-id=\"4931909\" data-element_type=\"column\">\n\t\t\t<div class=\"elementor-column-wrap elementor-element-populated\">\n\t\t\t\t\t\t\t<div class=\"elementor-widget-wrap\">\n\t\t\t\t\t\t<div class=\"elementor-element elementor-element-3ac13e9 elementor-widget elementor-widget-image\" data-id=\"3ac13e9\" data-element_type=\"widget\" data-widget_type=\"image.default\">\n\t\t\t\t<div class=\"elementor-widget-container\">\n\t\t\t\t\t\t\t\t<div class=\"elementor-image\">\n\t\t\t\t\t\t\t\t\t\t\t\t<img decoding=\"async\" width=\"960\" height=\"420\" src=\"https:\/\/prontoind.com.br\/wp-content\/uploads\/2021\/08\/branding.jpg\" class=\"attachment-full size-full\" alt=\"branding\" srcset=\"https:\/\/prontoind.com.br\/wp-content\/uploads\/2021\/08\/branding.jpg 960w, https:\/\/prontoind.com.br\/wp-content\/uploads\/2021\/08\/branding-300x131.jpg 300w, https:\/\/prontoind.com.br\/wp-content\/uploads\/2021\/08\/branding-768x336.jpg 768w\" sizes=\"(max-width: 960px) 100vw, 960px\" \/>\t\t\t\t\t\t\t\t\t\t\t\t\t\t<\/div>\n\t\t\t\t\t\t<\/div>\n\t\t\t\t<\/div>\n\t\t\t\t<div class=\"elementor-element elementor-element-b323967 elementor-widget elementor-widget-text-editor\" data-id=\"b323967\" data-element_type=\"widget\" data-widget_type=\"text-editor.default\">\n\t\t\t\t<div class=\"elementor-widget-container\">\n\t\t\t\t\t\t\t\t<div class=\"elementor-text-editor elementor-clearfix\">\n\t\t\t\t<p><span lang=\"PT-BR\" style=\"color: var( --e-global-color-text ); font-weight: var( --e-global-typography-text-font-weight ); background-image: initial; background-position: initial; background-size: initial; background-repeat: initial; background-attachment: initial; background-origin: initial; background-clip: initial; font-size: 10pt; line-height: 107%; font-family: Arial, sans-serif;\">\u00a0<\/span><span lang=\"PT-BR\" style=\"color: var( --e-global-color-text ); font-weight: var( --e-global-typography-text-font-weight ); background-image: initial; background-position: initial; background-size: initial; background-repeat: initial; background-attachment: initial; background-origin: initial; background-clip: initial; font-size: 10pt; line-height: 107%; font-family: Arial, sans-serif;\">Contextualizando Branding vem do ingl\u00eas <\/span><span lang=\"PT-BR\" style=\"color: var( --e-global-color-text ); font-weight: var( --e-global-typography-text-font-weight ); background-image: initial; background-position: initial; background-size: initial; background-repeat: initial; background-attachment: initial; background-origin: initial; background-clip: initial; font-size: 10.5pt; line-height: 107%; font-family: Helvetica, sans-serif;\">brand (em portugu\u00eas: marca).<\/span><span lang=\"PT-BR\" style=\"color: var( --e-global-color-text ); font-weight: var( --e-global-typography-text-font-weight ); background-image: initial; background-position: initial; background-size: initial; background-repeat: initial; background-attachment: initial; background-origin: initial; background-clip: initial; font-size: 10pt; line-height: 107%; font-family: Arial, sans-serif;\"> Trata-se de um conjunto de a\u00e7\u00f5es e estrat\u00e9gias adotadas para gerenciar e fortalecer uma determinada marca.<\/span><\/p>\n<p><span lang=\"PT-BR\" style=\"font-size: 10pt; line-height: 107%; font-family: Arial, sans-serif; background-image: initial; background-position: initial; background-size: initial; background-repeat: initial; background-attachment: initial; background-origin: initial; background-clip: initial;\">Ao desenvolver sua ind\u00fastria e um novo produto, \u00e9 essencial criar uma marca, logo, slogan, a fim de, desenvolver uma <\/span><span lang=\"PT-BR\" style=\"font-size: 10pt; line-height: 107%; font-family: Helvetica, sans-serif; background-image: initial; background-position: initial; background-size: initial; background-repeat: initial; background-attachment: initial; background-origin: initial; background-clip: initial;\">identidade visual. <\/span><\/p>\n<p>N\u00f3s da PRONTO IND tamb\u00e9m temos a preocupa\u00e7\u00e3o de oferecer\u00a0 na implementa\u00e7\u00e3o de projetos, o desenvolvimento do Branding.\u00a0<br \/><br \/>Nossa equipe de designers j\u00e1 cientes do seu projeto, apresentar\u00e3o op\u00e7\u00f5es de logo, discuter\u00e3o uma paleta de cores compat\u00edveis com seu neg\u00f3cio e j\u00e1 lhe entregar\u00e3o al\u00e9m do seu logo, um kit de pe\u00e7as publicitarias que servir\u00e3o para as primeiras campanhas de divulga\u00e7\u00e3o, e uma vez definido tudo, desenvolvem em conjunto contigo os r\u00f3tulos de seus produtos. <br \/><!-- [if !supportLineBreakNewLine]--><br \/><!--[endif]--><\/p>\t\t\t\t\t<\/div>\n\t\t\t\t\t\t<\/div>\n\t\t\t\t<\/div>\n\t\t\t\t<div class=\"elementor-element elementor-element-e5a35ed elementor-widget elementor-widget-image\" data-id=\"e5a35ed\" data-element_type=\"widget\" data-widget_type=\"image.default\">\n\t\t\t\t<div class=\"elementor-widget-container\">\n\t\t\t\t\t\t\t\t<div class=\"elementor-image\">\n\t\t\t\t\t\t\t\t\t\t\t\t<img decoding=\"async\" width=\"696\" height=\"663\" src=\"https:\/\/prontoind.com.br\/wp-content\/uploads\/2021\/08\/branding-2-1024x976.png\" class=\"attachment-large size-large\" alt=\"branding 2\" srcset=\"https:\/\/prontoind.com.br\/wp-content\/uploads\/2021\/08\/branding-2-1024x976.png 1024w, https:\/\/prontoind.com.br\/wp-content\/uploads\/2021\/08\/branding-2-300x286.png 300w, https:\/\/prontoind.com.br\/wp-content\/uploads\/2021\/08\/branding-2-768x732.png 768w, https:\/\/prontoind.com.br\/wp-content\/uploads\/2021\/08\/branding-2.png 1116w\" sizes=\"(max-width: 696px) 100vw, 696px\" \/>\t\t\t\t\t\t\t\t\t\t\t\t\t\t<\/div>\n\t\t\t\t\t\t<\/div>\n\t\t\t\t<\/div>\n\t\t\t\t\t\t<\/div>\n\t\t\t\t\t<\/div>\n\t\t<\/div>\n\t\t\t\t\t\t\t\t<\/div>\n\t\t\t\t\t<\/div>\n\t\t<\/section>\n\t\t\t\t\t\t<\/div>\n\t\t\t\t\t\t<\/div>\n\t\t\t\t\t<\/div>\n\t\t","protected":false},"excerpt":{"rendered":"<p>GEST\u00c3O DE MARCA &nbsp;Contextualizando Branding vem do ingl\u00eas brand (em portugu\u00eas: marca). Trata-se de um conjunto de a\u00e7\u00f5es e estrat\u00e9gias adotadas para gerenciar e fortalecer uma determinada marca. Ao desenvolver sua ind\u00fastria e um novo produto, \u00e9 essencial criar uma marca, logo, slogan, a fim de, desenvolver uma identidade visual. N\u00f3s da PRONTO IND tamb\u00e9m<\/p><\/div>\n<div class=\"blog-btn\"><a href=\"https:\/\/prontoind.com.br\/index.php\/branding\/\" class=\"home-blog-btn\">Ler mais<\/a><\/p>\n","protected":false},"author":1,"featured_media":0,"parent":0,"menu_order":0,"comment_status":"closed","ping_status":"closed","template":"","meta":{"footnotes":""},"class_list":["post-464","page","type-page","status-publish","hentry"],"yoast_head":"<!-- This site is optimized with the Yoast SEO plugin v17.2 - https:\/\/yoast.com\/wordpress\/plugins\/seo\/ -->\n<title>BRANDING - Pronto Ind<\/title>\n<meta name=\"description\" content=\"Branding, do ingl\u00eas brand, que em portugu\u00eas quer dizer marca. Trata-se de um conjunto de a\u00e7\u00f5es e estrat\u00e9gias adotadas para gerenciar e fortalecer uma marca.\" \/>\n<meta name=\"robots\" content=\"index, follow, max-snippet:-1, max-image-preview:large, max-video-preview:-1\" \/>\n<link rel=\"canonical\" href=\"https:\/\/prontoind.com.br\/index.php\/branding\/\" \/>\n<meta property=\"og:locale\" content=\"pt_BR\" \/>\n<meta property=\"og:type\" content=\"article\" \/>\n<meta property=\"og:title\" content=\"BRANDING - Pronto Ind\" \/>\n<meta property=\"og:description\" content=\"Branding, do ingl\u00eas brand, que em portugu\u00eas quer dizer marca. Trata-se de um conjunto de a\u00e7\u00f5es e estrat\u00e9gias adotadas para gerenciar e fortalecer uma marca.\" \/>\n<meta property=\"og:url\" content=\"https:\/\/prontoind.com.br\/index.php\/branding\/\" \/>\n<meta property=\"og:site_name\" content=\"Pronto Ind\" \/>\n<meta property=\"article:modified_time\" content=\"2021-10-01T18:14:02+00:00\" \/>\n<meta property=\"og:image\" content=\"http:\/\/prontoind.com.br\/wp-content\/uploads\/2021\/08\/branding.jpg\" \/>\n<meta name=\"twitter:card\" content=\"summary_large_image\" \/>\n<meta name=\"twitter:label1\" content=\"Est. tempo de leitura\" \/>\n\t<meta name=\"twitter:data1\" content=\"1 minuto\" \/>\n<script type=\"application\/ld+json\" class=\"yoast-schema-graph\">{\"@context\":\"https:\/\/schema.org\",\"@graph\":[{\"@type\":\"WebSite\",\"@id\":\"https:\/\/prontoind.com.br\/#website\",\"url\":\"https:\/\/prontoind.com.br\/\",\"name\":\"Pronto Ind\",\"description\":\"Solu\\u00e7\\u00f5es para pequenas ind\\u00fastrias\",\"potentialAction\":[{\"@type\":\"SearchAction\",\"target\":{\"@type\":\"EntryPoint\",\"urlTemplate\":\"https:\/\/prontoind.com.br\/?s={search_term_string}\"},\"query-input\":\"required name=search_term_string\"}],\"inLanguage\":\"pt-BR\"},{\"@type\":\"ImageObject\",\"@id\":\"https:\/\/prontoind.com.br\/index.php\/branding\/#primaryimage\",\"inLanguage\":\"pt-BR\",\"url\":\"http:\/\/prontoind.com.br\/wp-content\/uploads\/2021\/08\/branding.jpg\",\"contentUrl\":\"http:\/\/prontoind.com.br\/wp-content\/uploads\/2021\/08\/branding.jpg\"},{\"@type\":\"WebPage\",\"@id\":\"https:\/\/prontoind.com.br\/index.php\/branding\/#webpage\",\"url\":\"https:\/\/prontoind.com.br\/index.php\/branding\/\",\"name\":\"BRANDING - Pronto Ind\",\"isPartOf\":{\"@id\":\"https:\/\/prontoind.com.br\/#website\"},\"primaryImageOfPage\":{\"@id\":\"https:\/\/prontoind.com.br\/index.php\/branding\/#primaryimage\"},\"datePublished\":\"2021-10-01T18:14:01+00:00\",\"dateModified\":\"2021-10-01T18:14:02+00:00\",\"description\":\"Branding, do ingl\\u00eas brand, que em portugu\\u00eas quer dizer marca. Trata-se de um conjunto de a\\u00e7\\u00f5es e estrat\\u00e9gias adotadas para gerenciar e fortalecer uma marca.\",\"breadcrumb\":{\"@id\":\"https:\/\/prontoind.com.br\/index.php\/branding\/#breadcrumb\"},\"inLanguage\":\"pt-BR\",\"potentialAction\":[{\"@type\":\"ReadAction\",\"target\":[\"https:\/\/prontoind.com.br\/index.php\/branding\/\"]}]},{\"@type\":\"BreadcrumbList\",\"@id\":\"https:\/\/prontoind.com.br\/index.php\/branding\/#breadcrumb\",\"itemListElement\":[{\"@type\":\"ListItem\",\"position\":1,\"name\":\"In\\u00edcio\",\"item\":\"https:\/\/prontoind.com.br\/\"},{\"@type\":\"ListItem\",\"position\":2,\"name\":\"BRANDING\"}]}]}<\/script>\n<!-- \/ Yoast SEO plugin. -->","yoast_head_json":{"title":"BRANDING - Pronto Ind","description":"Branding, do ingl\u00eas brand, que em portugu\u00eas quer dizer marca. Trata-se de um conjunto de a\u00e7\u00f5es e estrat\u00e9gias adotadas para gerenciar e fortalecer uma marca.","robots":{"index":"index","follow":"follow","max-snippet":"max-snippet:-1","max-image-preview":"max-image-preview:large","max-video-preview":"max-video-preview:-1"},"canonical":"https:\/\/prontoind.com.br\/index.php\/branding\/","og_locale":"pt_BR","og_type":"article","og_title":"BRANDING - Pronto Ind","og_description":"Branding, do ingl\u00eas brand, que em portugu\u00eas quer dizer marca. Trata-se de um conjunto de a\u00e7\u00f5es e estrat\u00e9gias adotadas para gerenciar e fortalecer uma marca.","og_url":"https:\/\/prontoind.com.br\/index.php\/branding\/","og_site_name":"Pronto Ind","article_modified_time":"2021-10-01T18:14:02+00:00","og_image":[{"url":"http:\/\/prontoind.com.br\/wp-content\/uploads\/2021\/08\/branding.jpg"}],"twitter_card":"summary_large_image","twitter_misc":{"Est. tempo de leitura":"1 minuto"},"schema":{"@context":"https:\/\/schema.org","@graph":[{"@type":"WebSite","@id":"https:\/\/prontoind.com.br\/#website","url":"https:\/\/prontoind.com.br\/","name":"Pronto Ind","description":"Solu\u00e7\u00f5es para pequenas ind\u00fastrias","potentialAction":[{"@type":"SearchAction","target":{"@type":"EntryPoint","urlTemplate":"https:\/\/prontoind.com.br\/?s={search_term_string}"},"query-input":"required name=search_term_string"}],"inLanguage":"pt-BR"},{"@type":"ImageObject","@id":"https:\/\/prontoind.com.br\/index.php\/branding\/#primaryimage","inLanguage":"pt-BR","url":"http:\/\/prontoind.com.br\/wp-content\/uploads\/2021\/08\/branding.jpg","contentUrl":"http:\/\/prontoind.com.br\/wp-content\/uploads\/2021\/08\/branding.jpg"},{"@type":"WebPage","@id":"https:\/\/prontoind.com.br\/index.php\/branding\/#webpage","url":"https:\/\/prontoind.com.br\/index.php\/branding\/","name":"BRANDING - Pronto Ind","isPartOf":{"@id":"https:\/\/prontoind.com.br\/#website"},"primaryImageOfPage":{"@id":"https:\/\/prontoind.com.br\/index.php\/branding\/#primaryimage"},"datePublished":"2021-10-01T18:14:01+00:00","dateModified":"2021-10-01T18:14:02+00:00","description":"Branding, do ingl\u00eas brand, que em portugu\u00eas quer dizer marca. Trata-se de um conjunto de a\u00e7\u00f5es e estrat\u00e9gias adotadas para gerenciar e fortalecer uma marca.","breadcrumb":{"@id":"https:\/\/prontoind.com.br\/index.php\/branding\/#breadcrumb"},"inLanguage":"pt-BR","potentialAction":[{"@type":"ReadAction","target":["https:\/\/prontoind.com.br\/index.php\/branding\/"]}]},{"@type":"BreadcrumbList","@id":"https:\/\/prontoind.com.br\/index.php\/branding\/#breadcrumb","itemListElement":[{"@type":"ListItem","position":1,"name":"In\u00edcio","item":"https:\/\/prontoind.com.br\/"},{"@type":"ListItem","position":2,"name":"BRANDING"}]}]}},"_links":{"self":[{"href":"https:\/\/prontoind.com.br\/index.php\/wp-json\/wp\/v2\/pages\/464","targetHints":{"allow":["GET"]}}],"collection":[{"href":"https:\/\/prontoind.com.br\/index.php\/wp-json\/wp\/v2\/pages"}],"about":[{"href":"https:\/\/prontoind.com.br\/index.php\/wp-json\/wp\/v2\/types\/page"}],"author":[{"embeddable":true,"href":"https:\/\/prontoind.com.br\/index.php\/wp-json\/wp\/v2\/users\/1"}],"replies":[{"embeddable":true,"href":"https:\/\/prontoind.com.br\/index.php\/wp-json\/wp\/v2\/comments?post=464"}],"version-history":[{"count":8,"href":"https:\/\/prontoind.com.br\/index.php\/wp-json\/wp\/v2\/pages\/464\/revisions"}],"predecessor-version":[{"id":572,"href":"https:\/\/prontoind.com.br\/index.php\/wp-json\/wp\/v2\/pages\/464\/revisions\/572"}],"wp:attachment":[{"href":"https:\/\/prontoind.com.br\/index.php\/wp-json\/wp\/v2\/media?parent=464"}],"curies":[{"name":"wp","href":"https:\/\/api.w.org\/{rel}","templated":true}]}}