{"id":454,"date":"2021-10-02T01:44:44","date_gmt":"2021-10-02T04:44:44","guid":{"rendered":"https:\/\/prontoind.com.br\/?page_id=454"},"modified":"2021-10-02T01:44:45","modified_gmt":"2021-10-02T04:44:45","slug":"instalacao-de-maquinas-e-equipamentos-industriais","status":"publish","type":"page","link":"https:\/\/prontoind.com.br\/index.php\/instalacao-de-maquinas-e-equipamentos-industriais\/","title":{"rendered":"Instala\u00e7\u00e3o"},"content":{"rendered":"\t\t<div data-elementor-type=\"wp-page\" data-elementor-id=\"454\" class=\"elementor elementor-454\" data-elementor-settings=\"[]\">\n\t\t\t\t\t\t<div class=\"elementor-inner\">\n\t\t\t\t\t\t\t<div class=\"elementor-section-wrap\">\n\t\t\t\t\t\t\t<section class=\"elementor-section elementor-top-section elementor-element elementor-element-97100ca elementor-section-boxed elementor-section-height-default elementor-section-height-default\" data-id=\"97100ca\" data-element_type=\"section\">\n\t\t\t\t\t\t<div class=\"elementor-container elementor-column-gap-default\">\n\t\t\t\t\t\t\t<div class=\"elementor-row\">\n\t\t\t\t\t<div class=\"elementor-column elementor-col-33 elementor-top-column elementor-element elementor-element-c81165c\" data-id=\"c81165c\" data-element_type=\"column\">\n\t\t\t<div class=\"elementor-column-wrap\">\n\t\t\t\t\t\t\t<div class=\"elementor-widget-wrap\">\n\t\t\t\t\t\t\t\t<\/div>\n\t\t\t\t\t<\/div>\n\t\t<\/div>\n\t\t\t\t<div class=\"elementor-column elementor-col-66 elementor-top-column elementor-element elementor-element-d898790\" data-id=\"d898790\" data-element_type=\"column\">\n\t\t\t<div class=\"elementor-column-wrap elementor-element-populated\">\n\t\t\t\t\t\t\t<div class=\"elementor-widget-wrap\">\n\t\t\t\t\t\t<div class=\"elementor-element elementor-element-d87f98f elementor-widget elementor-widget-text-editor\" data-id=\"d87f98f\" data-element_type=\"widget\" data-widget_type=\"text-editor.default\">\n\t\t\t\t<div class=\"elementor-widget-container\">\n\t\t\t\t\t\t\t\t<div class=\"elementor-text-editor elementor-clearfix\">\n\t\t\t\t<p class=\"MsoNormal\"><span lang=\"PT-BR\">Uma f\u00e1brica\/ind\u00fastria pode ter uma infinidade de m\u00e1quinas, equipamentos e tecnologias, compat\u00edveis ou n\u00e3o entre si. Exemplo: caldeiras, dosadores, empacotadores, equipamentos de refrigera\u00e7\u00e3o, m\u00e1quinas pneum\u00e1ticas diversas etc. <\/span><\/p>\n<p class=\"MsoNormal\"><span lang=\"PT-BR\">Nossa \u00e1rea t\u00e9cnica de instala\u00e7\u00e3o, conta com uma equipe multidisciplinar de t\u00e9cnicos, altamente comprometida com o funcionamento de sua ind\u00fastria como um todo, estando aptos a enfrentar diferentes situa\u00e7\u00f5es em uma linha de produ\u00e7\u00e3o. <\/span><\/p>\n<p class=\"MsoNormal\"><span lang=\"PT-BR\">N\u00e3o nos referimos apenas a instala\u00e7\u00e3o de determinado equipamento, mas com o compromisso de &#8220;fazer tudo funcionar&#8221;. <\/span><\/p>\n<p><\/p>\n<p class=\"MsoNormal\"><span lang=\"PT-BR\">Ent\u00e3o, caso tenha necessidade de montagem de uma linha industrial do &#8220;zero&#8221;, ou&nbsp; j\u00e1 possui um a ind\u00fastria em funcionamento, mas deseja melhorar sua linha de produ\u00e7\u00e3o, conte conosco da PRONTO IND.<br><!-- [if !supportLineBreakNewLine]--><br><!--[endif]--><\/span><\/p>\t\t\t\t\t<\/div>\n\t\t\t\t\t\t<\/div>\n\t\t\t\t<\/div>\n\t\t\t\t\t\t<\/div>\n\t\t\t\t\t<\/div>\n\t\t<\/div>\n\t\t\t\t\t\t\t\t<\/div>\n\t\t\t\t\t<\/div>\n\t\t<\/section>\n\t\t\t\t<section class=\"elementor-section elementor-top-section elementor-element elementor-element-4a7de1d elementor-section-boxed elementor-section-height-default elementor-section-height-default\" data-id=\"4a7de1d\" data-element_type=\"section\">\n\t\t\t\t\t\t<div class=\"elementor-container elementor-column-gap-default\">\n\t\t\t\t\t\t\t<div class=\"elementor-row\">\n\t\t\t\t\t<div class=\"elementor-column elementor-col-100 elementor-top-column elementor-element elementor-element-1fbf591\" data-id=\"1fbf591\" data-element_type=\"column\">\n\t\t\t<div class=\"elementor-column-wrap elementor-element-populated\">\n\t\t\t\t\t\t\t<div class=\"elementor-widget-wrap\">\n\t\t\t\t\t\t<div class=\"elementor-element elementor-element-7a0a642 elementor-widget elementor-widget-image\" data-id=\"7a0a642\" data-element_type=\"widget\" data-widget_type=\"image.default\">\n\t\t\t\t<div class=\"elementor-widget-container\">\n\t\t\t\t\t\t\t\t<div class=\"elementor-image\">\n\t\t\t\t\t\t\t\t\t\t\t\t<img decoding=\"async\" width=\"696\" height=\"248\" src=\"https:\/\/prontoind.com.br\/wp-content\/uploads\/2021\/10\/instalacao-equipamento-site.png\" class=\"attachment-large size-large\" alt=\"instala\u00e7\u00e3o equipamento\" srcset=\"https:\/\/prontoind.com.br\/wp-content\/uploads\/2021\/10\/instalacao-equipamento-site.png 941w, https:\/\/prontoind.com.br\/wp-content\/uploads\/2021\/10\/instalacao-equipamento-site-300x107.png 300w, https:\/\/prontoind.com.br\/wp-content\/uploads\/2021\/10\/instalacao-equipamento-site-768x273.png 768w\" sizes=\"(max-width: 696px) 100vw, 696px\" \/>\t\t\t\t\t\t\t\t\t\t\t\t\t\t<\/div>\n\t\t\t\t\t\t<\/div>\n\t\t\t\t<\/div>\n\t\t\t\t\t\t<\/div>\n\t\t\t\t\t<\/div>\n\t\t<\/div>\n\t\t\t\t\t\t\t\t<\/div>\n\t\t\t\t\t<\/div>\n\t\t<\/section>\n\t\t\t\t\t\t<\/div>\n\t\t\t\t\t\t<\/div>\n\t\t\t\t\t<\/div>\n\t\t","protected":false},"excerpt":{"rendered":"<p>Uma f\u00e1brica\/ind\u00fastria pode ter uma infinidade de m\u00e1quinas, equipamentos e tecnologias, compat\u00edveis ou n\u00e3o entre si. Exemplo: caldeiras, dosadores, empacotadores, equipamentos de refrigera\u00e7\u00e3o, m\u00e1quinas pneum\u00e1ticas diversas etc. Nossa \u00e1rea t\u00e9cnica de instala\u00e7\u00e3o, conta com uma equipe multidisciplinar de t\u00e9cnicos, altamente comprometida com o funcionamento de sua ind\u00fastria como um todo, estando aptos a enfrentar diferentes<\/p><\/div>\n<div class=\"blog-btn\"><a href=\"https:\/\/prontoind.com.br\/index.php\/instalacao-de-maquinas-e-equipamentos-industriais\/\" class=\"home-blog-btn\">Ler mais<\/a><\/p>\n","protected":false},"author":1,"featured_media":0,"parent":0,"menu_order":0,"comment_status":"closed","ping_status":"closed","template":"","meta":{"footnotes":""},"class_list":["post-454","page","type-page","status-publish","hentry"],"yoast_head":"<!-- This site is optimized with the Yoast SEO plugin v17.2 - https:\/\/yoast.com\/wordpress\/plugins\/seo\/ -->\n<title>Instala\u00e7\u00e3o de m\u00e1quinas e equipamentos industriais<\/title>\n<meta name=\"description\" content=\"Instala\u00e7\u00e3o industriais de sistemas simples e complexos com m\u00e3o de obra t\u00e9cnica para montagem de caldeiras, c\u00e2maras frias e outros.\" \/>\n<meta name=\"robots\" content=\"index, follow, max-snippet:-1, max-image-preview:large, max-video-preview:-1\" \/>\n<link rel=\"canonical\" href=\"https:\/\/prontoind.com.br\/index.php\/instalacao-de-maquinas-e-equipamentos-industriais\/\" \/>\n<meta property=\"og:locale\" content=\"pt_BR\" \/>\n<meta property=\"og:type\" content=\"article\" \/>\n<meta property=\"og:title\" content=\"Instala\u00e7\u00e3o de m\u00e1quinas e equipamentos industriais\" \/>\n<meta property=\"og:description\" content=\"Instala\u00e7\u00e3o industriais de sistemas simples e complexos com m\u00e3o de obra t\u00e9cnica para montagem de caldeiras, c\u00e2maras frias e outros.\" \/>\n<meta property=\"og:url\" content=\"https:\/\/prontoind.com.br\/index.php\/instalacao-de-maquinas-e-equipamentos-industriais\/\" \/>\n<meta property=\"og:site_name\" content=\"Pronto Ind\" \/>\n<meta property=\"article:modified_time\" content=\"2021-10-02T04:44:45+00:00\" \/>\n<meta property=\"og:image\" content=\"http:\/\/prontoind.com.br\/wp-content\/uploads\/2021\/10\/instalacao-equipamento-site.png\" \/>\n<meta name=\"twitter:card\" content=\"summary_large_image\" \/>\n<meta name=\"twitter:label1\" content=\"Est. tempo de leitura\" \/>\n\t<meta name=\"twitter:data1\" content=\"1 minuto\" \/>\n<script type=\"application\/ld+json\" class=\"yoast-schema-graph\">{\"@context\":\"https:\/\/schema.org\",\"@graph\":[{\"@type\":\"WebSite\",\"@id\":\"https:\/\/prontoind.com.br\/#website\",\"url\":\"https:\/\/prontoind.com.br\/\",\"name\":\"Pronto Ind\",\"description\":\"Solu\\u00e7\\u00f5es para pequenas ind\\u00fastrias\",\"potentialAction\":[{\"@type\":\"SearchAction\",\"target\":{\"@type\":\"EntryPoint\",\"urlTemplate\":\"https:\/\/prontoind.com.br\/?s={search_term_string}\"},\"query-input\":\"required name=search_term_string\"}],\"inLanguage\":\"pt-BR\"},{\"@type\":\"ImageObject\",\"@id\":\"https:\/\/prontoind.com.br\/index.php\/instalacao-de-maquinas-e-equipamentos-industriais\/#primaryimage\",\"inLanguage\":\"pt-BR\",\"url\":\"http:\/\/prontoind.com.br\/wp-content\/uploads\/2021\/10\/instalacao-equipamento-site.png\",\"contentUrl\":\"http:\/\/prontoind.com.br\/wp-content\/uploads\/2021\/10\/instalacao-equipamento-site.png\"},{\"@type\":\"WebPage\",\"@id\":\"https:\/\/prontoind.com.br\/index.php\/instalacao-de-maquinas-e-equipamentos-industriais\/#webpage\",\"url\":\"https:\/\/prontoind.com.br\/index.php\/instalacao-de-maquinas-e-equipamentos-industriais\/\",\"name\":\"Instala\\u00e7\\u00e3o de m\\u00e1quinas e equipamentos industriais\",\"isPartOf\":{\"@id\":\"https:\/\/prontoind.com.br\/#website\"},\"primaryImageOfPage\":{\"@id\":\"https:\/\/prontoind.com.br\/index.php\/instalacao-de-maquinas-e-equipamentos-industriais\/#primaryimage\"},\"datePublished\":\"2021-10-02T04:44:44+00:00\",\"dateModified\":\"2021-10-02T04:44:45+00:00\",\"description\":\"Instala\\u00e7\\u00e3o industriais de sistemas simples e complexos com m\\u00e3o de obra t\\u00e9cnica para montagem de caldeiras, c\\u00e2maras frias e outros.\",\"breadcrumb\":{\"@id\":\"https:\/\/prontoind.com.br\/index.php\/instalacao-de-maquinas-e-equipamentos-industriais\/#breadcrumb\"},\"inLanguage\":\"pt-BR\",\"potentialAction\":[{\"@type\":\"ReadAction\",\"target\":[\"https:\/\/prontoind.com.br\/index.php\/instalacao-de-maquinas-e-equipamentos-industriais\/\"]}]},{\"@type\":\"BreadcrumbList\",\"@id\":\"https:\/\/prontoind.com.br\/index.php\/instalacao-de-maquinas-e-equipamentos-industriais\/#breadcrumb\",\"itemListElement\":[{\"@type\":\"ListItem\",\"position\":1,\"name\":\"In\\u00edcio\",\"item\":\"https:\/\/prontoind.com.br\/\"},{\"@type\":\"ListItem\",\"position\":2,\"name\":\"Instala\\u00e7\\u00e3o\"}]}]}<\/script>\n<!-- \/ Yoast SEO plugin. -->","yoast_head_json":{"title":"Instala\u00e7\u00e3o de m\u00e1quinas e equipamentos industriais","description":"Instala\u00e7\u00e3o industriais de sistemas simples e complexos com m\u00e3o de obra t\u00e9cnica para montagem de caldeiras, c\u00e2maras frias e outros.","robots":{"index":"index","follow":"follow","max-snippet":"max-snippet:-1","max-image-preview":"max-image-preview:large","max-video-preview":"max-video-preview:-1"},"canonical":"https:\/\/prontoind.com.br\/index.php\/instalacao-de-maquinas-e-equipamentos-industriais\/","og_locale":"pt_BR","og_type":"article","og_title":"Instala\u00e7\u00e3o de m\u00e1quinas e equipamentos industriais","og_description":"Instala\u00e7\u00e3o industriais de sistemas simples e complexos com m\u00e3o de obra t\u00e9cnica para montagem de caldeiras, c\u00e2maras frias e outros.","og_url":"https:\/\/prontoind.com.br\/index.php\/instalacao-de-maquinas-e-equipamentos-industriais\/","og_site_name":"Pronto Ind","article_modified_time":"2021-10-02T04:44:45+00:00","og_image":[{"url":"http:\/\/prontoind.com.br\/wp-content\/uploads\/2021\/10\/instalacao-equipamento-site.png"}],"twitter_card":"summary_large_image","twitter_misc":{"Est. tempo de leitura":"1 minuto"},"schema":{"@context":"https:\/\/schema.org","@graph":[{"@type":"WebSite","@id":"https:\/\/prontoind.com.br\/#website","url":"https:\/\/prontoind.com.br\/","name":"Pronto Ind","description":"Solu\u00e7\u00f5es para pequenas ind\u00fastrias","potentialAction":[{"@type":"SearchAction","target":{"@type":"EntryPoint","urlTemplate":"https:\/\/prontoind.com.br\/?s={search_term_string}"},"query-input":"required name=search_term_string"}],"inLanguage":"pt-BR"},{"@type":"ImageObject","@id":"https:\/\/prontoind.com.br\/index.php\/instalacao-de-maquinas-e-equipamentos-industriais\/#primaryimage","inLanguage":"pt-BR","url":"http:\/\/prontoind.com.br\/wp-content\/uploads\/2021\/10\/instalacao-equipamento-site.png","contentUrl":"http:\/\/prontoind.com.br\/wp-content\/uploads\/2021\/10\/instalacao-equipamento-site.png"},{"@type":"WebPage","@id":"https:\/\/prontoind.com.br\/index.php\/instalacao-de-maquinas-e-equipamentos-industriais\/#webpage","url":"https:\/\/prontoind.com.br\/index.php\/instalacao-de-maquinas-e-equipamentos-industriais\/","name":"Instala\u00e7\u00e3o de m\u00e1quinas e equipamentos industriais","isPartOf":{"@id":"https:\/\/prontoind.com.br\/#website"},"primaryImageOfPage":{"@id":"https:\/\/prontoind.com.br\/index.php\/instalacao-de-maquinas-e-equipamentos-industriais\/#primaryimage"},"datePublished":"2021-10-02T04:44:44+00:00","dateModified":"2021-10-02T04:44:45+00:00","description":"Instala\u00e7\u00e3o industriais de sistemas simples e complexos com m\u00e3o de obra t\u00e9cnica para montagem de caldeiras, c\u00e2maras frias e outros.","breadcrumb":{"@id":"https:\/\/prontoind.com.br\/index.php\/instalacao-de-maquinas-e-equipamentos-industriais\/#breadcrumb"},"inLanguage":"pt-BR","potentialAction":[{"@type":"ReadAction","target":["https:\/\/prontoind.com.br\/index.php\/instalacao-de-maquinas-e-equipamentos-industriais\/"]}]},{"@type":"BreadcrumbList","@id":"https:\/\/prontoind.com.br\/index.php\/instalacao-de-maquinas-e-equipamentos-industriais\/#breadcrumb","itemListElement":[{"@type":"ListItem","position":1,"name":"In\u00edcio","item":"https:\/\/prontoind.com.br\/"},{"@type":"ListItem","position":2,"name":"Instala\u00e7\u00e3o"}]}]}},"_links":{"self":[{"href":"https:\/\/prontoind.com.br\/index.php\/wp-json\/wp\/v2\/pages\/454","targetHints":{"allow":["GET"]}}],"collection":[{"href":"https:\/\/prontoind.com.br\/index.php\/wp-json\/wp\/v2\/pages"}],"about":[{"href":"https:\/\/prontoind.com.br\/index.php\/wp-json\/wp\/v2\/types\/page"}],"author":[{"embeddable":true,"href":"https:\/\/prontoind.com.br\/index.php\/wp-json\/wp\/v2\/users\/1"}],"replies":[{"embeddable":true,"href":"https:\/\/prontoind.com.br\/index.php\/wp-json\/wp\/v2\/comments?post=454"}],"version-history":[{"count":11,"href":"https:\/\/prontoind.com.br\/index.php\/wp-json\/wp\/v2\/pages\/454\/revisions"}],"predecessor-version":[{"id":581,"href":"https:\/\/prontoind.com.br\/index.php\/wp-json\/wp\/v2\/pages\/454\/revisions\/581"}],"wp:attachment":[{"href":"https:\/\/prontoind.com.br\/index.php\/wp-json\/wp\/v2\/media?parent=454"}],"curies":[{"name":"wp","href":"https:\/\/api.w.org\/{rel}","templated":true}]}}