{"id":419,"date":"2021-10-02T02:28:00","date_gmt":"2021-10-02T05:28:00","guid":{"rendered":"http:\/\/prontoind.com.br\/?page_id=419"},"modified":"2021-10-02T02:43:06","modified_gmt":"2021-10-02T05:43:06","slug":"gestores-institucionais","status":"publish","type":"page","link":"https:\/\/prontoind.com.br\/index.php\/gestores-institucionais\/","title":{"rendered":"Gestores Institucionais"},"content":{"rendered":"\t\t<div data-elementor-type=\"wp-page\" data-elementor-id=\"419\" class=\"elementor elementor-419\" data-elementor-settings=\"[]\">\n\t\t\t\t\t\t<div class=\"elementor-inner\">\n\t\t\t\t\t\t\t<div class=\"elementor-section-wrap\">\n\t\t\t\t\t\t\t<section class=\"elementor-section elementor-top-section elementor-element elementor-element-3922159 elementor-section-boxed elementor-section-height-default elementor-section-height-default\" data-id=\"3922159\" data-element_type=\"section\">\n\t\t\t\t\t\t<div class=\"elementor-container elementor-column-gap-default\">\n\t\t\t\t\t\t\t<div class=\"elementor-row\">\n\t\t\t\t\t<div class=\"elementor-column elementor-col-100 elementor-top-column elementor-element elementor-element-6d411a4\" data-id=\"6d411a4\" data-element_type=\"column\">\n\t\t\t<div class=\"elementor-column-wrap elementor-element-populated\">\n\t\t\t\t\t\t\t<div class=\"elementor-widget-wrap\">\n\t\t\t\t\t\t<div class=\"elementor-element elementor-element-042608c elementor-widget elementor-widget-heading\" data-id=\"042608c\" data-element_type=\"widget\" data-widget_type=\"heading.default\">\n\t\t\t\t<div class=\"elementor-widget-container\">\n\t\t\t<h2 class=\"elementor-heading-title elementor-size-default\">\u00c1rea destinada a gestores institucionais<\/h2>\t\t<\/div>\n\t\t\t\t<\/div>\n\t\t\t\t\t\t<\/div>\n\t\t\t\t\t<\/div>\n\t\t<\/div>\n\t\t\t\t\t\t\t\t<\/div>\n\t\t\t\t\t<\/div>\n\t\t<\/section>\n\t\t\t\t<section class=\"elementor-section elementor-top-section elementor-element elementor-element-fcfd5d5 elementor-section-boxed elementor-section-height-default elementor-section-height-default\" data-id=\"fcfd5d5\" data-element_type=\"section\">\n\t\t\t\t\t\t<div class=\"elementor-container elementor-column-gap-default\">\n\t\t\t\t\t\t\t<div class=\"elementor-row\">\n\t\t\t\t\t<div class=\"elementor-column elementor-col-100 elementor-top-column elementor-element elementor-element-9911a01\" data-id=\"9911a01\" data-element_type=\"column\">\n\t\t\t<div class=\"elementor-column-wrap elementor-element-populated\">\n\t\t\t\t\t\t\t<div class=\"elementor-widget-wrap\">\n\t\t\t\t\t\t<div class=\"elementor-element elementor-element-7e8afbc elementor-widget elementor-widget-image\" data-id=\"7e8afbc\" data-element_type=\"widget\" data-widget_type=\"image.default\">\n\t\t\t\t<div class=\"elementor-widget-container\">\n\t\t\t\t\t\t\t\t<div class=\"elementor-image\">\n\t\t\t\t\t\t\t\t\t\t\t\t<img decoding=\"async\" width=\"617\" height=\"300\" src=\"https:\/\/prontoind.com.br\/wp-content\/uploads\/2021\/08\/trabalho-equipe.jpg\" class=\"attachment-large size-large\" alt=\"trabalho equipe\" srcset=\"https:\/\/prontoind.com.br\/wp-content\/uploads\/2021\/08\/trabalho-equipe.jpg 617w, https:\/\/prontoind.com.br\/wp-content\/uploads\/2021\/08\/trabalho-equipe-300x146.jpg 300w\" sizes=\"(max-width: 617px) 100vw, 617px\" \/>\t\t\t\t\t\t\t\t\t\t\t\t\t\t<\/div>\n\t\t\t\t\t\t<\/div>\n\t\t\t\t<\/div>\n\t\t\t\t<div class=\"elementor-element elementor-element-01c1bf2 elementor-widget elementor-widget-text-editor\" data-id=\"01c1bf2\" data-element_type=\"widget\" data-widget_type=\"text-editor.default\">\n\t\t\t\t<div class=\"elementor-widget-container\">\n\t\t\t\t\t\t\t\t<div class=\"elementor-text-editor elementor-clearfix\">\n\t\t\t\t<p>Caro Gestor,<\/p><p>Se est\u00e1 determinado em liderar politicas p\u00fablicas regionais para o desenvolvimento industrial ou um projeto industrial especifico em sua comunidade. Saiba que n\u00f3s da PRONTO IND podemos auxilia-lo com todo suporte t\u00e9cnico para sua empreitada, seja ela pertencente a iniciativa p\u00fablica ou privada.<\/p><p>Ao iniciar um projeto industrial sabemos que muitas d\u00favidas surgem. \u00c1 princ\u00edpio parece uma tarefa simples,\u00a0 escolher uma rela\u00e7\u00e3o de equipamentos, por\u00e9m, ao aprofundar o projeto ou coloc\u00e1-lo em pratica outras d\u00favidas surgem como: \u00a0\u00a0<br \/>&#8211; Ser\u00e1 que o tamanho e tipo dos equipamentos s\u00e3o compat\u00edveis com as minhas necessidades?<br \/>&#8211; Ser\u00e1 que o espa\u00e7o que tenho dispon\u00edvel \u00e9 o suficiente para \u00a0abrigar essa ind\u00fastria?<br \/>&#8211; Qual seria o tipo de apresenta\u00e7\u00e3o mais indicada para meu produto final?<br \/>&#8211; Qual seria a pol\u00edtica de pre\u00e7os aplicada a esses produtos?<br \/>&#8211; Quais canais de distribui\u00e7\u00e3o devo utilizar?<br \/>&#8211; Quais os custos totais para empreender a ind\u00fastria que almejo?<br \/>&#8211; Quais licen\u00e7as preciso ter para empreender no ramo escolhido?<br \/>&#8211; Como administrar os recursos humanos para que o projeto se desenvolva da melhor maneira poss\u00edvel? <br \/>&#8211; Como e quando o empreendimento deve \u00a0alcan\u00e7ar seu ponto de equil\u00edbrio e payback?<\/p><p>Para responder essas e muitas outras perguntas, possu\u00edmos uma equipe multidiciplinar de profissionais, altamente capacitados em \u00e1reas como: economia, administra\u00e7\u00e3o, engenharia, arquitetura, designer, nutri\u00e7\u00e3o, contabilidade e direito. Capazes de auxilia-lo n\u00e3o apenas no planejamento, mas tamb\u00e9m na execu\u00e7\u00e3o do seu projeto industrial. E para isso, apresentamos a seguir os 3 principais passos do servi\u00e7o que oferecemos.<\/p><p><strong><u>1\u00ba Passo- Levantamento de Perfil<\/u><\/strong><br \/>Nesta etapa realizamos um extenso levantamos de dados para formata\u00e7\u00e3o inicial do projeto. Com principal aten\u00e7\u00e3o a esses tr\u00eas pontos: \u00a0<br \/>*Mapeamento de produ\u00e7\u00e3o por zona ou sugest\u00e3o de cultura a ser desenvolvida, a fim de, \u00a0desenvolver as potencialidades regionais.<br \/>*Pesquisa de campo para parametrizar poss\u00edveis interlocutores regionais, lideran\u00e7as que possam auxiliar no projeto de industrializa\u00e7\u00e3o.<br \/>*Avalia\u00e7\u00e3o de local f\u00edsico capaz de abrigar uma ou mais industrias. <br \/><strong><u><br \/>2\u00ba Passo \u2013 Adequa\u00e7\u00e3o<\/u><\/strong><br \/>Nesta Etapa avaliamos os dados iniciais e validamos em conjunto com voc\u00ea, gestor do projeto, para desenvolver uma apresenta\u00e7\u00e3o capaz de visualizar, e de tamb\u00e9m, vender a ideia do projeto a terceiros. Leva-se em conta tr\u00eas pontos principais. <br \/>*Estudo de mercado para valida\u00e7\u00e3o do produto final industrializado, tipo de apresenta\u00e7\u00e3o, e mensura\u00e7\u00e3o de capacidade do mercado de absorver essa produ\u00e7\u00e3o. \u00a0<br \/>*Desenvolvimento de projeto industrial em 3D ou Autocad, levando em conta a capacidade de produ\u00e7\u00e3o compat\u00edvel com as necessidades coletivas levantadas no primeiro passo.<br \/>*Proje\u00e7\u00e3o de impacto s\u00f3cio econ\u00f4mico em regi\u00e3o especifica levando em conta valor agregado a produtos in-natura, incremento de renda a benefici\u00e1rios do projeto industrial al\u00e9m de empregos diretos e indiretos com a execu\u00e7\u00e3o do projeto.<br \/>\u00a0*Levantamento completo e operacionaliza\u00e7\u00e3o do investimento inicial contemplando:<br \/>M\u00e1quinas, ferramentas, mat\u00e9ria prima, fluxo de caixa para ponta p\u00e9 inicial do projeto.<\/p><p><strong><u><br \/>3\u00ba Passo \u2013 Implanta\u00e7\u00e3o<\/u><\/strong><br \/>Nesta etapa acompanhamos e assessoramos voc\u00ea gestor em todas as tarefas pr\u00e9vias a inaugura\u00e7\u00e3o do empreendimento.<br \/>*Acompanhamento da constru\u00e7\u00e3o, adequa\u00e7\u00e3o de local;<br \/>* Instala\u00e7\u00e3o dos equipamentos, gest\u00e3o e coordena\u00e7\u00e3o junto a eletricistas, encanadores, pedreiros, t\u00e9cnico de caldeira, refrigera\u00e7\u00e3o e ar comprimido quando houver. <br \/>*Treinamento de equipe operacional para in\u00edcio de produ\u00e7\u00e3o<br \/>* Testes de produ\u00e7\u00e3o e primeiro lote de fabrica\u00e7\u00e3o. <br \/>*Evento de inaugura\u00e7\u00e3o da ind\u00fastria\u00a0\u00a0<span style=\"font-family: var( --e-global-typography-text-font-family ), Sans-serif; font-weight: var( --e-global-typography-text-font-weight ); font-size: 0.9375rem;\">Caro Gestor,<\/span><\/p><p class=\"MsoNormal\">Quer saber mais?\u00a0<br \/>Entre em contato conosco para que possamos discutir seu projeto.\u00a0<\/p><p>\u00a0<\/p><p><span lang=\"PT-BR\" style=\"font-size: 11.0pt; line-height: 107%; font-family: 'Calibri','sans-serif'; mso-ascii-theme-font: minor-latin; mso-fareast-font-family: Calibri; mso-fareast-theme-font: minor-latin; mso-hansi-theme-font: minor-latin; mso-bidi-font-family: 'Times New Roman'; mso-bidi-theme-font: minor-bidi; mso-ansi-language: PT-BR; mso-fareast-language: EN-US; mso-bidi-language: AR-SA;\"><!-- [if !supportLineBreakNewLine]--><br \/><!--[endif]--><\/span><\/p>\t\t\t\t\t<\/div>\n\t\t\t\t\t\t<\/div>\n\t\t\t\t<\/div>\n\t\t\t\t\t\t<\/div>\n\t\t\t\t\t<\/div>\n\t\t<\/div>\n\t\t\t\t\t\t\t\t<\/div>\n\t\t\t\t\t<\/div>\n\t\t<\/section>\n\t\t\t\t<section class=\"elementor-section elementor-top-section elementor-element elementor-element-6857499 elementor-section-boxed elementor-section-height-default elementor-section-height-default\" data-id=\"6857499\" data-element_type=\"section\">\n\t\t\t\t\t\t<div class=\"elementor-container elementor-column-gap-default\">\n\t\t\t\t\t\t\t<div class=\"elementor-row\">\n\t\t\t\t\t<div class=\"elementor-column elementor-col-100 elementor-top-column elementor-element elementor-element-8c316ba\" data-id=\"8c316ba\" data-element_type=\"column\">\n\t\t\t<div class=\"elementor-column-wrap elementor-element-populated\">\n\t\t\t\t\t\t\t<div class=\"elementor-widget-wrap\">\n\t\t\t\t\t\t<div class=\"elementor-element elementor-element-9940515 elementor-widget elementor-widget-image\" data-id=\"9940515\" data-element_type=\"widget\" data-widget_type=\"image.default\">\n\t\t\t\t<div class=\"elementor-widget-container\">\n\t\t\t\t\t\t\t\t<div class=\"elementor-image\">\n\t\t\t\t\t\t\t\t\t\t\t\t<img decoding=\"async\" width=\"696\" height=\"412\" src=\"https:\/\/prontoind.com.br\/wp-content\/uploads\/2021\/08\/inauguracao-1024x606.jpg\" class=\"attachment-large size-large\" alt=\"inaugura\u00e7\u00e3o\" srcset=\"https:\/\/prontoind.com.br\/wp-content\/uploads\/2021\/08\/inauguracao-1024x606.jpg 1024w, https:\/\/prontoind.com.br\/wp-content\/uploads\/2021\/08\/inauguracao-300x178.jpg 300w, https:\/\/prontoind.com.br\/wp-content\/uploads\/2021\/08\/inauguracao-768x455.jpg 768w, https:\/\/prontoind.com.br\/wp-content\/uploads\/2021\/08\/inauguracao-1536x909.jpg 1536w, https:\/\/prontoind.com.br\/wp-content\/uploads\/2021\/08\/inauguracao.jpg 1600w\" sizes=\"(max-width: 696px) 100vw, 696px\" \/>\t\t\t\t\t\t\t\t\t\t\t\t\t\t<\/div>\n\t\t\t\t\t\t<\/div>\n\t\t\t\t<\/div>\n\t\t\t\t\t\t<\/div>\n\t\t\t\t\t<\/div>\n\t\t<\/div>\n\t\t\t\t\t\t\t\t<\/div>\n\t\t\t\t\t<\/div>\n\t\t<\/section>\n\t\t\t\t<section class=\"elementor-section elementor-top-section elementor-element elementor-element-33963bc elementor-section-boxed elementor-section-height-default elementor-section-height-default\" data-id=\"33963bc\" data-element_type=\"section\">\n\t\t\t\t\t\t<div class=\"elementor-container elementor-column-gap-default\">\n\t\t\t\t\t\t\t<div class=\"elementor-row\">\n\t\t\t\t\t<div class=\"elementor-column elementor-col-100 elementor-top-column elementor-element elementor-element-e00b03d\" data-id=\"e00b03d\" data-element_type=\"column\">\n\t\t\t<div class=\"elementor-column-wrap elementor-element-populated\">\n\t\t\t\t\t\t\t<div class=\"elementor-widget-wrap\">\n\t\t\t\t\t\t\t\t<\/div>\n\t\t\t\t\t<\/div>\n\t\t<\/div>\n\t\t\t\t\t\t\t\t<\/div>\n\t\t\t\t\t<\/div>\n\t\t<\/section>\n\t\t\t\t\t\t<\/div>\n\t\t\t\t\t\t<\/div>\n\t\t\t\t\t<\/div>\n\t\t","protected":false},"excerpt":{"rendered":"<p>\u00c1rea destinada a gestores institucionais Caro Gestor, Se est\u00e1 determinado em liderar politicas p\u00fablicas regionais para o desenvolvimento industrial ou um projeto industrial especifico em sua comunidade. Saiba que n\u00f3s da PRONTO IND podemos auxilia-lo com todo suporte t\u00e9cnico para sua empreitada, seja ela pertencente a iniciativa p\u00fablica ou privada. Ao iniciar um projeto industrial<\/p><\/div>\n<div class=\"blog-btn\"><a href=\"https:\/\/prontoind.com.br\/index.php\/gestores-institucionais\/\" class=\"home-blog-btn\">Ler mais<\/a><\/p>\n","protected":false},"author":1,"featured_media":0,"parent":0,"menu_order":0,"comment_status":"closed","ping_status":"closed","template":"","meta":{"footnotes":""},"class_list":["post-419","page","type-page","status-publish","hentry"],"yoast_head":"<!-- This site is optimized with the Yoast SEO plugin v17.2 - https:\/\/yoast.com\/wordpress\/plugins\/seo\/ -->\n<title>Apoio p\/ Montagem de Projeto lndustrial Regional<\/title>\n<meta name=\"description\" content=\"Apoio a gestores p\u00fablicos e privados no desenvolvovimento de projetos industrias sob medida, para atender politicas p\u00fablicas ou comunidades regionais.\" \/>\n<meta name=\"robots\" content=\"index, follow, max-snippet:-1, max-image-preview:large, max-video-preview:-1\" \/>\n<link rel=\"canonical\" href=\"https:\/\/prontoind.com.br\/index.php\/gestores-institucionais\/\" \/>\n<meta property=\"og:locale\" content=\"pt_BR\" \/>\n<meta property=\"og:type\" content=\"article\" \/>\n<meta property=\"og:title\" content=\"Apoio p\/ Montagem de Projeto lndustrial Regional\" \/>\n<meta property=\"og:description\" content=\"Apoio a gestores p\u00fablicos e privados no desenvolvovimento de projetos industrias sob medida, para atender politicas p\u00fablicas ou comunidades regionais.\" \/>\n<meta property=\"og:url\" content=\"https:\/\/prontoind.com.br\/index.php\/gestores-institucionais\/\" \/>\n<meta property=\"og:site_name\" content=\"Pronto Ind\" \/>\n<meta property=\"article:modified_time\" content=\"2021-10-02T05:43:06+00:00\" \/>\n<meta property=\"og:image\" content=\"http:\/\/prontoind.com.br\/wp-content\/uploads\/2021\/08\/trabalho-equipe.jpg\" \/>\n<meta name=\"twitter:card\" content=\"summary_large_image\" \/>\n<meta name=\"twitter:label1\" content=\"Est. tempo de leitura\" \/>\n\t<meta name=\"twitter:data1\" content=\"3 minutos\" \/>\n<script type=\"application\/ld+json\" class=\"yoast-schema-graph\">{\"@context\":\"https:\/\/schema.org\",\"@graph\":[{\"@type\":\"WebSite\",\"@id\":\"https:\/\/prontoind.com.br\/#website\",\"url\":\"https:\/\/prontoind.com.br\/\",\"name\":\"Pronto Ind\",\"description\":\"Solu\\u00e7\\u00f5es para pequenas ind\\u00fastrias\",\"potentialAction\":[{\"@type\":\"SearchAction\",\"target\":{\"@type\":\"EntryPoint\",\"urlTemplate\":\"https:\/\/prontoind.com.br\/?s={search_term_string}\"},\"query-input\":\"required name=search_term_string\"}],\"inLanguage\":\"pt-BR\"},{\"@type\":\"ImageObject\",\"@id\":\"https:\/\/prontoind.com.br\/index.php\/gestores-institucionais\/#primaryimage\",\"inLanguage\":\"pt-BR\",\"url\":\"http:\/\/prontoind.com.br\/wp-content\/uploads\/2021\/08\/trabalho-equipe.jpg\",\"contentUrl\":\"http:\/\/prontoind.com.br\/wp-content\/uploads\/2021\/08\/trabalho-equipe.jpg\"},{\"@type\":\"WebPage\",\"@id\":\"https:\/\/prontoind.com.br\/index.php\/gestores-institucionais\/#webpage\",\"url\":\"https:\/\/prontoind.com.br\/index.php\/gestores-institucionais\/\",\"name\":\"Apoio p\/ Montagem de Projeto lndustrial Regional\",\"isPartOf\":{\"@id\":\"https:\/\/prontoind.com.br\/#website\"},\"primaryImageOfPage\":{\"@id\":\"https:\/\/prontoind.com.br\/index.php\/gestores-institucionais\/#primaryimage\"},\"datePublished\":\"2021-10-02T05:28:00+00:00\",\"dateModified\":\"2021-10-02T05:43:06+00:00\",\"description\":\"Apoio a gestores p\\u00fablicos e privados no desenvolvovimento de projetos industrias sob medida, para atender politicas p\\u00fablicas ou comunidades regionais.\",\"breadcrumb\":{\"@id\":\"https:\/\/prontoind.com.br\/index.php\/gestores-institucionais\/#breadcrumb\"},\"inLanguage\":\"pt-BR\",\"potentialAction\":[{\"@type\":\"ReadAction\",\"target\":[\"https:\/\/prontoind.com.br\/index.php\/gestores-institucionais\/\"]}]},{\"@type\":\"BreadcrumbList\",\"@id\":\"https:\/\/prontoind.com.br\/index.php\/gestores-institucionais\/#breadcrumb\",\"itemListElement\":[{\"@type\":\"ListItem\",\"position\":1,\"name\":\"In\\u00edcio\",\"item\":\"https:\/\/prontoind.com.br\/\"},{\"@type\":\"ListItem\",\"position\":2,\"name\":\"Gestores Institucionais\"}]}]}<\/script>\n<!-- \/ Yoast SEO plugin. -->","yoast_head_json":{"title":"Apoio p\/ Montagem de Projeto lndustrial Regional","description":"Apoio a gestores p\u00fablicos e privados no desenvolvovimento de projetos industrias sob medida, para atender politicas p\u00fablicas ou comunidades regionais.","robots":{"index":"index","follow":"follow","max-snippet":"max-snippet:-1","max-image-preview":"max-image-preview:large","max-video-preview":"max-video-preview:-1"},"canonical":"https:\/\/prontoind.com.br\/index.php\/gestores-institucionais\/","og_locale":"pt_BR","og_type":"article","og_title":"Apoio p\/ Montagem de Projeto lndustrial Regional","og_description":"Apoio a gestores p\u00fablicos e privados no desenvolvovimento de projetos industrias sob medida, para atender politicas p\u00fablicas ou comunidades regionais.","og_url":"https:\/\/prontoind.com.br\/index.php\/gestores-institucionais\/","og_site_name":"Pronto Ind","article_modified_time":"2021-10-02T05:43:06+00:00","og_image":[{"url":"http:\/\/prontoind.com.br\/wp-content\/uploads\/2021\/08\/trabalho-equipe.jpg"}],"twitter_card":"summary_large_image","twitter_misc":{"Est. tempo de leitura":"3 minutos"},"schema":{"@context":"https:\/\/schema.org","@graph":[{"@type":"WebSite","@id":"https:\/\/prontoind.com.br\/#website","url":"https:\/\/prontoind.com.br\/","name":"Pronto Ind","description":"Solu\u00e7\u00f5es para pequenas ind\u00fastrias","potentialAction":[{"@type":"SearchAction","target":{"@type":"EntryPoint","urlTemplate":"https:\/\/prontoind.com.br\/?s={search_term_string}"},"query-input":"required name=search_term_string"}],"inLanguage":"pt-BR"},{"@type":"ImageObject","@id":"https:\/\/prontoind.com.br\/index.php\/gestores-institucionais\/#primaryimage","inLanguage":"pt-BR","url":"http:\/\/prontoind.com.br\/wp-content\/uploads\/2021\/08\/trabalho-equipe.jpg","contentUrl":"http:\/\/prontoind.com.br\/wp-content\/uploads\/2021\/08\/trabalho-equipe.jpg"},{"@type":"WebPage","@id":"https:\/\/prontoind.com.br\/index.php\/gestores-institucionais\/#webpage","url":"https:\/\/prontoind.com.br\/index.php\/gestores-institucionais\/","name":"Apoio p\/ Montagem de Projeto lndustrial Regional","isPartOf":{"@id":"https:\/\/prontoind.com.br\/#website"},"primaryImageOfPage":{"@id":"https:\/\/prontoind.com.br\/index.php\/gestores-institucionais\/#primaryimage"},"datePublished":"2021-10-02T05:28:00+00:00","dateModified":"2021-10-02T05:43:06+00:00","description":"Apoio a gestores p\u00fablicos e privados no desenvolvovimento de projetos industrias sob medida, para atender politicas p\u00fablicas ou comunidades regionais.","breadcrumb":{"@id":"https:\/\/prontoind.com.br\/index.php\/gestores-institucionais\/#breadcrumb"},"inLanguage":"pt-BR","potentialAction":[{"@type":"ReadAction","target":["https:\/\/prontoind.com.br\/index.php\/gestores-institucionais\/"]}]},{"@type":"BreadcrumbList","@id":"https:\/\/prontoind.com.br\/index.php\/gestores-institucionais\/#breadcrumb","itemListElement":[{"@type":"ListItem","position":1,"name":"In\u00edcio","item":"https:\/\/prontoind.com.br\/"},{"@type":"ListItem","position":2,"name":"Gestores Institucionais"}]}]}},"_links":{"self":[{"href":"https:\/\/prontoind.com.br\/index.php\/wp-json\/wp\/v2\/pages\/419","targetHints":{"allow":["GET"]}}],"collection":[{"href":"https:\/\/prontoind.com.br\/index.php\/wp-json\/wp\/v2\/pages"}],"about":[{"href":"https:\/\/prontoind.com.br\/index.php\/wp-json\/wp\/v2\/types\/page"}],"author":[{"embeddable":true,"href":"https:\/\/prontoind.com.br\/index.php\/wp-json\/wp\/v2\/users\/1"}],"replies":[{"embeddable":true,"href":"https:\/\/prontoind.com.br\/index.php\/wp-json\/wp\/v2\/comments?post=419"}],"version-history":[{"count":8,"href":"https:\/\/prontoind.com.br\/index.php\/wp-json\/wp\/v2\/pages\/419\/revisions"}],"predecessor-version":[{"id":610,"href":"https:\/\/prontoind.com.br\/index.php\/wp-json\/wp\/v2\/pages\/419\/revisions\/610"}],"wp:attachment":[{"href":"https:\/\/prontoind.com.br\/index.php\/wp-json\/wp\/v2\/media?parent=419"}],"curies":[{"name":"wp","href":"https:\/\/api.w.org\/{rel}","templated":true}]}}