{"id":32,"date":"2021-01-12T23:38:37","date_gmt":"2021-01-13T02:38:37","guid":{"rendered":"http:\/\/prontoind.com.br\/?page_id=32"},"modified":"2021-08-30T18:44:34","modified_gmt":"2021-08-30T21:44:34","slug":"quem-somos","status":"publish","type":"page","link":"https:\/\/prontoind.com.br\/index.php\/quem-somos\/","title":{"rendered":"QUEM SOMOS"},"content":{"rendered":"\t\t<div data-elementor-type=\"wp-page\" data-elementor-id=\"32\" class=\"elementor elementor-32\" data-elementor-settings=\"[]\">\n\t\t\t\t\t\t<div class=\"elementor-inner\">\n\t\t\t\t\t\t\t<div class=\"elementor-section-wrap\">\n\t\t\t\t\t\t\t<section class=\"elementor-section elementor-top-section elementor-element elementor-element-89515d4 elementor-section-boxed elementor-section-height-default elementor-section-height-default\" data-id=\"89515d4\" data-element_type=\"section\" data-settings=\"{&quot;background_background&quot;:&quot;classic&quot;}\">\n\t\t\t\t\t\t<div class=\"elementor-container elementor-column-gap-default\">\n\t\t\t\t\t\t\t<div class=\"elementor-row\">\n\t\t\t\t\t<div class=\"elementor-column elementor-col-100 elementor-top-column elementor-element elementor-element-ff4c0a8\" data-id=\"ff4c0a8\" data-element_type=\"column\">\n\t\t\t<div class=\"elementor-column-wrap elementor-element-populated\">\n\t\t\t\t\t\t\t<div class=\"elementor-widget-wrap\">\n\t\t\t\t\t\t<div class=\"elementor-element elementor-element-048b82e elementor-widget elementor-widget-heading\" data-id=\"048b82e\" data-element_type=\"widget\" data-widget_type=\"heading.default\">\n\t\t\t\t<div class=\"elementor-widget-container\">\n\t\t\t<h2 class=\"elementor-heading-title elementor-size-default\">QUEM SOMOS<\/h2>\t\t<\/div>\n\t\t\t\t<\/div>\n\t\t\t\t\t\t<\/div>\n\t\t\t\t\t<\/div>\n\t\t<\/div>\n\t\t\t\t\t\t\t\t<\/div>\n\t\t\t\t\t<\/div>\n\t\t<\/section>\n\t\t\t\t<section class=\"elementor-section elementor-top-section elementor-element elementor-element-taatxok elementor-section-content-middle elementor-section-boxed elementor-section-height-default elementor-section-height-default\" data-id=\"taatxok\" data-element_type=\"section\">\n\t\t\t\t\t\t<div class=\"elementor-container elementor-column-gap-wide\">\n\t\t\t\t\t\t\t<div class=\"elementor-row\">\n\t\t\t\t\t<div class=\"elementor-column elementor-col-33 elementor-top-column elementor-element elementor-element-43ba58ae\" data-id=\"43ba58ae\" data-element_type=\"column\">\n\t\t\t<div class=\"elementor-column-wrap elementor-element-populated\">\n\t\t\t\t\t\t\t<div class=\"elementor-widget-wrap\">\n\t\t\t\t\t\t<div class=\"elementor-element elementor-element-82f9958 elementor-widget elementor-widget-image\" data-id=\"82f9958\" data-element_type=\"widget\" data-widget_type=\"image.default\">\n\t\t\t\t<div class=\"elementor-widget-container\">\n\t\t\t\t\t\t\t\t<div class=\"elementor-image\">\n\t\t\t\t\t\t\t\t\t\t\t\t<img decoding=\"async\" src=\"https:\/\/prontoind.com.br\/wp-content\/uploads\/2021\/01\/cropped-logotipo-pronto.png\" title=\"cropped-logotipo-pronto.png\" alt=\"cropped-logotipo-pronto.png\" \/>\t\t\t\t\t\t\t\t\t\t\t\t\t\t<\/div>\n\t\t\t\t\t\t<\/div>\n\t\t\t\t<\/div>\n\t\t\t\t\t\t<\/div>\n\t\t\t\t\t<\/div>\n\t\t<\/div>\n\t\t\t\t<div class=\"elementor-column elementor-col-66 elementor-top-column elementor-element elementor-element-15249d1d\" data-id=\"15249d1d\" data-element_type=\"column\">\n\t\t\t<div class=\"elementor-column-wrap elementor-element-populated\">\n\t\t\t\t\t\t\t<div class=\"elementor-widget-wrap\">\n\t\t\t\t\t\t<div class=\"elementor-element elementor-element-13a9b180 elementor-widget elementor-widget-text-editor\" data-id=\"13a9b180\" data-element_type=\"widget\" data-widget_type=\"text-editor.default\">\n\t\t\t\t<div class=\"elementor-widget-container\">\n\t\t\t\t\t\t\t\t<div class=\"elementor-text-editor elementor-clearfix\">\n\t\t\t\t<p><span style=\"font-weight: 400;\">Em 2012 nasceu a empresa G.R. Quezada Emprendedor, como representante exclusiva da consultoria internacional <strong>Salon Emprendedor<\/strong> focada em micro e pequenas ind\u00fastrias. <\/span><span style=\"font-weight: 400;\"><br \/><\/span><span style=\"font-weight: 400;\"><br \/>Ao longo dos anos seguintes a necessidade de incorporar novos produtos e servi\u00e7os escalonados a linhas de produ\u00e7\u00f5es maiores e m\u00e3o de obra especializada nesses novos segmentos a<\/span><span style=\"font-weight: 400;\">\u00a0<\/span><span style=\"font-weight: 400;\">empresa<\/span><span style=\"font-weight: 400;\">\u00a0s se independizou, nascendo assim a PRONTO IND. <\/span><span style=\"font-weight: 400;\"><br \/><\/span><span style=\"font-weight: 400;\"><br \/>Desde o ano 2016 a G.R Quezada Emprendedor com o nome fantasia <strong>Pronto ind<\/strong> a<\/span><span style=\"font-weight: 400;\">tua de forma aut\u00f4noma nas \u00e1reas de consultoria, revenda de m\u00e1quinas e equipamentos para ind\u00fastrias, al\u00e9m de atuar tamb\u00e9m no segmento de importa\u00e7\u00e3o e exporta\u00e7\u00e3o. <\/span><span style=\"font-weight: 400;\"><br \/><\/span><span style=\"font-weight: 400;\"><br \/>Nossa equipe \u00e9 composta por profissionais com amplo conhecimento multidisciplinar (Administradores, Economistas, Arquitetos, Engenheiros, Designers, Contadores, Advogados, T\u00e9cnicos Agr\u00edcolas, Pr\u00e1ticos Operacionais).\u00a0<\/span><span style=\"font-weight: 400;\">O que nos capacita para assessorar empres\u00e1rios aut\u00f4nomos, associa\u00e7\u00f5es, cooperativas de produtores, bem como, gestores p\u00fablicos a elaborar e executar projetos industriais de diferentes tamanhos e capacidades. <br \/><br \/><br \/><\/span><\/p>\t\t\t\t\t<\/div>\n\t\t\t\t\t\t<\/div>\n\t\t\t\t<\/div>\n\t\t\t\t\t\t<\/div>\n\t\t\t\t\t<\/div>\n\t\t<\/div>\n\t\t\t\t\t\t\t\t<\/div>\n\t\t\t\t\t<\/div>\n\t\t<\/section>\n\t\t\t\t<section class=\"elementor-section elementor-top-section elementor-element elementor-element-8556385 elementor-section-boxed elementor-section-height-default elementor-section-height-default\" data-id=\"8556385\" data-element_type=\"section\">\n\t\t\t\t\t\t<div class=\"elementor-container elementor-column-gap-default\">\n\t\t\t\t\t\t\t<div class=\"elementor-row\">\n\t\t\t\t\t<div class=\"elementor-column elementor-col-100 elementor-top-column elementor-element elementor-element-f6c03f5\" data-id=\"f6c03f5\" data-element_type=\"column\">\n\t\t\t<div class=\"elementor-column-wrap elementor-element-populated\">\n\t\t\t\t\t\t\t<div class=\"elementor-widget-wrap\">\n\t\t\t\t\t\t<div class=\"elementor-element elementor-element-dea7ad5 elementor-widget elementor-widget-text-editor\" data-id=\"dea7ad5\" data-element_type=\"widget\" data-widget_type=\"text-editor.default\">\n\t\t\t\t<div class=\"elementor-widget-container\">\n\t\t\t\t\t\t\t\t<div class=\"elementor-text-editor elementor-clearfix\">\n\t\t\t\t<h4><b>O QUE OFERECEMOS?<\/b><\/h4><p><span style=\"font-weight: 400;\">Projetos industriais e assist\u00eancia completa,\u00a0 entregues pelo sistema de neg\u00f3cio denominado \u201cchave na m\u00e3o\u201d. <\/span><\/p><h4>\u00a0<\/h4><h4><b>DIFERENCIAIS:<\/b><\/h4><p><span style=\"font-weight: 400;\">Acompanhamento completo desde a ideia de neg\u00f3cio, estudo de mercado, passando pelo fornecimento e instala\u00e7\u00e3o de equipamentos, desenvolvimento de produtos, treinamento para produ\u00e7\u00e3o e comercializa\u00e7\u00e3o dos produtos. O\u00a0<\/span><\/p>\t\t\t\t\t<\/div>\n\t\t\t\t\t\t<\/div>\n\t\t\t\t<\/div>\n\t\t\t\t\t\t<\/div>\n\t\t\t\t\t<\/div>\n\t\t<\/div>\n\t\t\t\t\t\t\t\t<\/div>\n\t\t\t\t\t<\/div>\n\t\t<\/section>\n\t\t\t\t<section class=\"elementor-section elementor-top-section elementor-element elementor-element-3a78fb8 elementor-section-boxed elementor-section-height-default elementor-section-height-default\" data-id=\"3a78fb8\" data-element_type=\"section\">\n\t\t\t\t\t\t<div class=\"elementor-container elementor-column-gap-default\">\n\t\t\t\t\t\t\t<div class=\"elementor-row\">\n\t\t\t\t\t<div class=\"elementor-column elementor-col-33 elementor-top-column elementor-element elementor-element-affd5d2\" data-id=\"affd5d2\" data-element_type=\"column\">\n\t\t\t<div class=\"elementor-column-wrap elementor-element-populated\">\n\t\t\t\t\t\t\t<div class=\"elementor-widget-wrap\">\n\t\t\t\t\t\t<div class=\"elementor-element elementor-element-6ddbb6d elementor-view-default elementor-widget elementor-widget-icon\" data-id=\"6ddbb6d\" data-element_type=\"widget\" data-widget_type=\"icon.default\">\n\t\t\t\t<div class=\"elementor-widget-container\">\n\t\t\t\t\t<div class=\"elementor-icon-wrapper\">\n\t\t\t<div class=\"elementor-icon\">\n\t\t\t<i aria-hidden=\"true\" class=\"fas fa-list-alt\"><\/i>\t\t\t<\/div>\n\t\t<\/div>\n\t\t\t\t<\/div>\n\t\t\t\t<\/div>\n\t\t\t\t<div class=\"elementor-element elementor-element-52c47de elementor-widget elementor-widget-heading\" data-id=\"52c47de\" data-element_type=\"widget\" data-widget_type=\"heading.default\">\n\t\t\t\t<div class=\"elementor-widget-container\">\n\t\t\t<h3 class=\"elementor-heading-title elementor-size-default\">Miss\u00e3o<\/h3>\t\t<\/div>\n\t\t\t\t<\/div>\n\t\t\t\t<div class=\"elementor-element elementor-element-ac50ad1 elementor-widget elementor-widget-text-editor\" data-id=\"ac50ad1\" data-element_type=\"widget\" data-widget_type=\"text-editor.default\">\n\t\t\t\t<div class=\"elementor-widget-container\">\n\t\t\t\t\t\t\t\t<div class=\"elementor-text-editor elementor-clearfix\">\n\t\t\t\t<p>Fomentar o empreendedorismo atrav\u00e9s da tecnologia fabril e conhecimento tecnol\u00f3gico.<\/p>\t\t\t\t\t<\/div>\n\t\t\t\t\t\t<\/div>\n\t\t\t\t<\/div>\n\t\t\t\t\t\t<\/div>\n\t\t\t\t\t<\/div>\n\t\t<\/div>\n\t\t\t\t<div class=\"elementor-column elementor-col-33 elementor-top-column elementor-element elementor-element-5a47688\" data-id=\"5a47688\" data-element_type=\"column\">\n\t\t\t<div class=\"elementor-column-wrap elementor-element-populated\">\n\t\t\t\t\t\t\t<div class=\"elementor-widget-wrap\">\n\t\t\t\t\t\t<div class=\"elementor-element elementor-element-e0c2a81 elementor-view-default elementor-widget elementor-widget-icon\" data-id=\"e0c2a81\" data-element_type=\"widget\" data-widget_type=\"icon.default\">\n\t\t\t\t<div class=\"elementor-widget-container\">\n\t\t\t\t\t<div class=\"elementor-icon-wrapper\">\n\t\t\t<div class=\"elementor-icon\">\n\t\t\t<i aria-hidden=\"true\" class=\"fas fa-eye\"><\/i>\t\t\t<\/div>\n\t\t<\/div>\n\t\t\t\t<\/div>\n\t\t\t\t<\/div>\n\t\t\t\t<div class=\"elementor-element elementor-element-ac860e2 elementor-widget elementor-widget-heading\" data-id=\"ac860e2\" data-element_type=\"widget\" data-widget_type=\"heading.default\">\n\t\t\t\t<div class=\"elementor-widget-container\">\n\t\t\t<h3 class=\"elementor-heading-title elementor-size-default\">Vis\u00e3o<\/h3>\t\t<\/div>\n\t\t\t\t<\/div>\n\t\t\t\t<div class=\"elementor-element elementor-element-1a6002a elementor-widget elementor-widget-text-editor\" data-id=\"1a6002a\" data-element_type=\"widget\" data-widget_type=\"text-editor.default\">\n\t\t\t\t<div class=\"elementor-widget-container\">\n\t\t\t\t\t\t\t\t<div class=\"elementor-text-editor elementor-clearfix\">\n\t\t\t\t<p>Ser uma refer\u00eancia de empoderamento para empreendedores, associados e empresas.<\/p>\t\t\t\t\t<\/div>\n\t\t\t\t\t\t<\/div>\n\t\t\t\t<\/div>\n\t\t\t\t\t\t<\/div>\n\t\t\t\t\t<\/div>\n\t\t<\/div>\n\t\t\t\t<div class=\"elementor-column elementor-col-33 elementor-top-column elementor-element elementor-element-39f93ce\" data-id=\"39f93ce\" data-element_type=\"column\">\n\t\t\t<div class=\"elementor-column-wrap elementor-element-populated\">\n\t\t\t\t\t\t\t<div class=\"elementor-widget-wrap\">\n\t\t\t\t\t\t<div class=\"elementor-element elementor-element-a267343 elementor-view-default elementor-widget elementor-widget-icon\" data-id=\"a267343\" data-element_type=\"widget\" data-widget_type=\"icon.default\">\n\t\t\t\t<div class=\"elementor-widget-container\">\n\t\t\t\t\t<div class=\"elementor-icon-wrapper\">\n\t\t\t<div class=\"elementor-icon\">\n\t\t\t<i aria-hidden=\"true\" class=\"fas fa-hand-holding-medical\"><\/i>\t\t\t<\/div>\n\t\t<\/div>\n\t\t\t\t<\/div>\n\t\t\t\t<\/div>\n\t\t\t\t<div class=\"elementor-element elementor-element-cb0946a elementor-widget elementor-widget-heading\" data-id=\"cb0946a\" data-element_type=\"widget\" data-widget_type=\"heading.default\">\n\t\t\t\t<div class=\"elementor-widget-container\">\n\t\t\t<h3 class=\"elementor-heading-title elementor-size-default\">Valores<\/h3>\t\t<\/div>\n\t\t\t\t<\/div>\n\t\t\t\t<div class=\"elementor-element elementor-element-98f62de elementor-widget elementor-widget-text-editor\" data-id=\"98f62de\" data-element_type=\"widget\" data-widget_type=\"text-editor.default\">\n\t\t\t\t<div class=\"elementor-widget-container\">\n\t\t\t\t\t\t\t\t<div class=\"elementor-text-editor elementor-clearfix\">\n\t\t\t\t<p>Comprometimento &#8211; Transpar\u00eancia &#8211; Efic\u00e1cia &#8211; Inova\u00e7\u00e3o &#8211; Organiza\u00e7\u00e3o &#8211; Companheirismo<\/p>\t\t\t\t\t<\/div>\n\t\t\t\t\t\t<\/div>\n\t\t\t\t<\/div>\n\t\t\t\t\t\t<\/div>\n\t\t\t\t\t<\/div>\n\t\t<\/div>\n\t\t\t\t\t\t\t\t<\/div>\n\t\t\t\t\t<\/div>\n\t\t<\/section>\n\t\t\t\t\t\t<\/div>\n\t\t\t\t\t\t<\/div>\n\t\t\t\t\t<\/div>\n\t\t","protected":false},"excerpt":{"rendered":"<p>QUEM SOMOS Em 2012 nasceu a empresa G.R. Quezada Emprendedor, como representante exclusiva da consultoria internacional Salon Emprendedor focada em micro e pequenas ind\u00fastrias. Ao longo dos anos seguintes a necessidade de incorporar novos produtos e servi\u00e7os escalonados a linhas de produ\u00e7\u00f5es maiores e m\u00e3o de obra especializada nesses novos segmentos a&nbsp;empresa&nbsp;s se independizou, nascendo<\/p><\/div>\n<div class=\"blog-btn\"><a href=\"https:\/\/prontoind.com.br\/index.php\/quem-somos\/\" class=\"home-blog-btn\">Ler mais<\/a><\/p>\n","protected":false},"author":1,"featured_media":0,"parent":0,"menu_order":0,"comment_status":"closed","ping_status":"closed","template":"elementor_header_footer","meta":{"footnotes":""},"class_list":["post-32","page","type-page","status-publish","hentry"],"yoast_head":"<!-- This site is optimized with the Yoast SEO plugin v17.2 - https:\/\/yoast.com\/wordpress\/plugins\/seo\/ -->\n<title>QUEM SOMOS - Pronto Ind<\/title>\n<meta name=\"description\" content=\"Consultoria internacional que atua com venda e instala\u00e7\u00e3o de linhas de producessamento industrial. &quot;F\u00e1brica \/ ind\u00fastria Chave na M\u00e3o&quot;\" \/>\n<meta name=\"robots\" content=\"index, follow, max-snippet:-1, max-image-preview:large, max-video-preview:-1\" \/>\n<link rel=\"canonical\" href=\"http:\/\/prontoind.com.br\/index.php\/quem-somos\/\" \/>\n<meta property=\"og:locale\" content=\"pt_BR\" \/>\n<meta property=\"og:type\" content=\"article\" \/>\n<meta property=\"og:title\" content=\"QUEM SOMOS - Pronto Ind\" \/>\n<meta property=\"og:description\" content=\"Consultoria internacional que atua com venda e instala\u00e7\u00e3o de linhas de producessamento industrial. &quot;F\u00e1brica \/ ind\u00fastria Chave na M\u00e3o&quot;\" \/>\n<meta property=\"og:url\" content=\"http:\/\/prontoind.com.br\/index.php\/quem-somos\/\" \/>\n<meta property=\"og:site_name\" content=\"Pronto Ind\" \/>\n<meta property=\"article:modified_time\" content=\"2021-08-30T21:44:34+00:00\" \/>\n<meta property=\"og:image\" content=\"http:\/\/prontoind.com.br\/wp-content\/uploads\/elementor\/thumbs\/cropped-logotipo-pronto-p7ug8vl7l3vl85baavoqgnjhlucpx1jotolskmv2zm.png\" \/>\n<meta name=\"twitter:card\" content=\"summary_large_image\" \/>\n<meta name=\"twitter:label1\" content=\"Est. tempo de leitura\" \/>\n\t<meta name=\"twitter:data1\" content=\"2 minutos\" \/>\n<script type=\"application\/ld+json\" class=\"yoast-schema-graph\">{\"@context\":\"https:\/\/schema.org\",\"@graph\":[{\"@type\":\"WebSite\",\"@id\":\"https:\/\/prontoind.com.br\/#website\",\"url\":\"https:\/\/prontoind.com.br\/\",\"name\":\"Pronto Ind\",\"description\":\"Solu\\u00e7\\u00f5es para pequenas ind\\u00fastrias\",\"potentialAction\":[{\"@type\":\"SearchAction\",\"target\":{\"@type\":\"EntryPoint\",\"urlTemplate\":\"https:\/\/prontoind.com.br\/?s={search_term_string}\"},\"query-input\":\"required name=search_term_string\"}],\"inLanguage\":\"pt-BR\"},{\"@type\":\"ImageObject\",\"@id\":\"http:\/\/prontoind.com.br\/index.php\/quem-somos\/#primaryimage\",\"inLanguage\":\"pt-BR\",\"url\":\"http:\/\/prontoind.com.br\/wp-content\/uploads\/elementor\/thumbs\/cropped-logotipo-pronto-p7ug8vl7l3vl85baavoqgnjhlucpx1jotolskmv2zm.png\",\"contentUrl\":\"http:\/\/prontoind.com.br\/wp-content\/uploads\/elementor\/thumbs\/cropped-logotipo-pronto-p7ug8vl7l3vl85baavoqgnjhlucpx1jotolskmv2zm.png\"},{\"@type\":\"WebPage\",\"@id\":\"http:\/\/prontoind.com.br\/index.php\/quem-somos\/#webpage\",\"url\":\"http:\/\/prontoind.com.br\/index.php\/quem-somos\/\",\"name\":\"QUEM SOMOS - Pronto Ind\",\"isPartOf\":{\"@id\":\"https:\/\/prontoind.com.br\/#website\"},\"primaryImageOfPage\":{\"@id\":\"http:\/\/prontoind.com.br\/index.php\/quem-somos\/#primaryimage\"},\"datePublished\":\"2021-01-13T02:38:37+00:00\",\"dateModified\":\"2021-08-30T21:44:34+00:00\",\"description\":\"Consultoria internacional que atua com venda e instala\\u00e7\\u00e3o de linhas de producessamento industrial. \\\"F\\u00e1brica \/ ind\\u00fastria Chave na M\\u00e3o\\\"\",\"breadcrumb\":{\"@id\":\"http:\/\/prontoind.com.br\/index.php\/quem-somos\/#breadcrumb\"},\"inLanguage\":\"pt-BR\",\"potentialAction\":[{\"@type\":\"ReadAction\",\"target\":[\"http:\/\/prontoind.com.br\/index.php\/quem-somos\/\"]}]},{\"@type\":\"BreadcrumbList\",\"@id\":\"http:\/\/prontoind.com.br\/index.php\/quem-somos\/#breadcrumb\",\"itemListElement\":[{\"@type\":\"ListItem\",\"position\":1,\"name\":\"In\\u00edcio\",\"item\":\"https:\/\/prontoind.com.br\/\"},{\"@type\":\"ListItem\",\"position\":2,\"name\":\"QUEM SOMOS\"}]}]}<\/script>\n<!-- \/ Yoast SEO plugin. -->","yoast_head_json":{"title":"QUEM SOMOS - Pronto Ind","description":"Consultoria internacional que atua com venda e instala\u00e7\u00e3o de linhas de producessamento industrial. \"F\u00e1brica \/ ind\u00fastria Chave na M\u00e3o\"","robots":{"index":"index","follow":"follow","max-snippet":"max-snippet:-1","max-image-preview":"max-image-preview:large","max-video-preview":"max-video-preview:-1"},"canonical":"http:\/\/prontoind.com.br\/index.php\/quem-somos\/","og_locale":"pt_BR","og_type":"article","og_title":"QUEM SOMOS - Pronto Ind","og_description":"Consultoria internacional que atua com venda e instala\u00e7\u00e3o de linhas de producessamento industrial. \"F\u00e1brica \/ ind\u00fastria Chave na M\u00e3o\"","og_url":"http:\/\/prontoind.com.br\/index.php\/quem-somos\/","og_site_name":"Pronto Ind","article_modified_time":"2021-08-30T21:44:34+00:00","og_image":[{"url":"http:\/\/prontoind.com.br\/wp-content\/uploads\/elementor\/thumbs\/cropped-logotipo-pronto-p7ug8vl7l3vl85baavoqgnjhlucpx1jotolskmv2zm.png"}],"twitter_card":"summary_large_image","twitter_misc":{"Est. tempo de leitura":"2 minutos"},"schema":{"@context":"https:\/\/schema.org","@graph":[{"@type":"WebSite","@id":"https:\/\/prontoind.com.br\/#website","url":"https:\/\/prontoind.com.br\/","name":"Pronto Ind","description":"Solu\u00e7\u00f5es para pequenas ind\u00fastrias","potentialAction":[{"@type":"SearchAction","target":{"@type":"EntryPoint","urlTemplate":"https:\/\/prontoind.com.br\/?s={search_term_string}"},"query-input":"required name=search_term_string"}],"inLanguage":"pt-BR"},{"@type":"ImageObject","@id":"http:\/\/prontoind.com.br\/index.php\/quem-somos\/#primaryimage","inLanguage":"pt-BR","url":"http:\/\/prontoind.com.br\/wp-content\/uploads\/elementor\/thumbs\/cropped-logotipo-pronto-p7ug8vl7l3vl85baavoqgnjhlucpx1jotolskmv2zm.png","contentUrl":"http:\/\/prontoind.com.br\/wp-content\/uploads\/elementor\/thumbs\/cropped-logotipo-pronto-p7ug8vl7l3vl85baavoqgnjhlucpx1jotolskmv2zm.png"},{"@type":"WebPage","@id":"http:\/\/prontoind.com.br\/index.php\/quem-somos\/#webpage","url":"http:\/\/prontoind.com.br\/index.php\/quem-somos\/","name":"QUEM SOMOS - Pronto Ind","isPartOf":{"@id":"https:\/\/prontoind.com.br\/#website"},"primaryImageOfPage":{"@id":"http:\/\/prontoind.com.br\/index.php\/quem-somos\/#primaryimage"},"datePublished":"2021-01-13T02:38:37+00:00","dateModified":"2021-08-30T21:44:34+00:00","description":"Consultoria internacional que atua com venda e instala\u00e7\u00e3o de linhas de producessamento industrial. \"F\u00e1brica \/ ind\u00fastria Chave na M\u00e3o\"","breadcrumb":{"@id":"http:\/\/prontoind.com.br\/index.php\/quem-somos\/#breadcrumb"},"inLanguage":"pt-BR","potentialAction":[{"@type":"ReadAction","target":["http:\/\/prontoind.com.br\/index.php\/quem-somos\/"]}]},{"@type":"BreadcrumbList","@id":"http:\/\/prontoind.com.br\/index.php\/quem-somos\/#breadcrumb","itemListElement":[{"@type":"ListItem","position":1,"name":"In\u00edcio","item":"https:\/\/prontoind.com.br\/"},{"@type":"ListItem","position":2,"name":"QUEM SOMOS"}]}]}},"_links":{"self":[{"href":"https:\/\/prontoind.com.br\/index.php\/wp-json\/wp\/v2\/pages\/32","targetHints":{"allow":["GET"]}}],"collection":[{"href":"https:\/\/prontoind.com.br\/index.php\/wp-json\/wp\/v2\/pages"}],"about":[{"href":"https:\/\/prontoind.com.br\/index.php\/wp-json\/wp\/v2\/types\/page"}],"author":[{"embeddable":true,"href":"https:\/\/prontoind.com.br\/index.php\/wp-json\/wp\/v2\/users\/1"}],"replies":[{"embeddable":true,"href":"https:\/\/prontoind.com.br\/index.php\/wp-json\/wp\/v2\/comments?post=32"}],"version-history":[{"count":34,"href":"https:\/\/prontoind.com.br\/index.php\/wp-json\/wp\/v2\/pages\/32\/revisions"}],"predecessor-version":[{"id":504,"href":"https:\/\/prontoind.com.br\/index.php\/wp-json\/wp\/v2\/pages\/32\/revisions\/504"}],"wp:attachment":[{"href":"https:\/\/prontoind.com.br\/index.php\/wp-json\/wp\/v2\/media?parent=32"}],"curies":[{"name":"wp","href":"https:\/\/api.w.org\/{rel}","templated":true}]}}